{"id":16,"date":"2025-08-27T07:57:35","date_gmt":"2025-08-27T04:57:35","guid":{"rendered":"https:\/\/3dfactory.ee\/store-listing\/"},"modified":"2025-11-17T20:15:49","modified_gmt":"2025-11-17T17:15:49","slug":"store-listing","status":"publish","type":"page","link":"https:\/\/3dfactory.ee\/et\/store-listing\/","title":{"rendered":"Store List"},"content":{"rendered":"<p data-start=\"280\" data-end=\"564\"><strong data-start=\"280\" data-end=\"394\">3DFactory.ee pakub professionaalset 3D-printimist, 3D-modelleerimist ja protot\u00fc\u00fcpimisteenuseid \u00fcle kogu Eesti.<\/strong> Meie kaasaegsed FDM, SLA ja SLS printerid v\u00f5imaldavad valmistada kvaliteetseid detaile, makette, tooten\u00e4idiseid, varuosi ja disainilahendusi nii era- kui \u00e4riklientidele.<\/p>\n<p data-start=\"566\" data-end=\"812\">Pakume samuti <strong data-start=\"580\" data-end=\"599\">3D-skaneerimist<\/strong>, tehniliste failide ettevalmistust, mudelite parandamist ja erilahendusi. Kiire tarne, t\u00e4pne t\u00f6\u00f6 ja konkurentsiv\u00f5imeline hind. Saada oma fail v\u00f5i idee meile ning saad personaalse hinnapakkumise juba samal p\u00e4eval.<\/p>\n<p data-start=\"814\" data-end=\"881\"><strong data-start=\"814\" data-end=\"881\">3D-printimine Eestis \u2013 kiire, professionaalne ja usaldusv\u00e4\u00e4rne.<\/strong><\/p>","protected":false},"excerpt":{"rendered":"<p>3DFactory.ee pakub professionaalset 3D-printimist, 3D-modelleerimist ja protot\u00fc\u00fcpimisteenuseid \u00fcle kogu Eesti. Meie kaasaegsed FDM, SLA ja SLS printerid v\u00f5imaldavad valmistada kvaliteetseid detaile, makette, tooten\u00e4idiseid, varuosi ja disainilahendusi nii era- kui \u00e4riklientidele. Pakume samuti 3D-skaneerimist, tehniliste failide ettevalmistust, mudelite parandamist ja erilahendusi. Kiire tarne, t\u00e4pne t\u00f6\u00f6 ja konkurentsiv\u00f5imeline hind. Saada oma fail v\u00f5i idee meile ning saad [&hellip;]<\/p>","protected":false},"author":1,"featured_media":0,"parent":0,"menu_order":0,"comment_status":"closed","ping_status":"closed","template":"","meta":{"_sitemap_exclude":false,"_sitemap_priority":"","_sitemap_frequency":"","footnotes":""},"class_list":["post-16","page","type-page","status-publish","hentry"],"yoast_head":"<!-- This site is optimized with the Yoast SEO plugin v27.0 - https:\/\/yoast.com\/product\/yoast-seo-wordpress\/ -->\n<title>Store List - 3DFactory.ee<\/title>\n<meta name=\"robots\" content=\"index, follow, max-snippet:-1, max-image-preview:large, max-video-preview:-1\" \/>\n<link rel=\"canonical\" href=\"https:\/\/3dfactory.ee\/et\/store-listing\/\" \/>\n<meta property=\"og:locale\" content=\"et_EE\" \/>\n<meta property=\"og:type\" content=\"article\" \/>\n<meta property=\"og:title\" content=\"Store List - 3DFactory.ee\" \/>\n<meta property=\"og:description\" content=\"3DFactory.ee pakub professionaalset 3D-printimist, 3D-modelleerimist ja protot\u00fc\u00fcpimisteenuseid \u00fcle kogu Eesti. Meie kaasaegsed FDM, SLA ja SLS printerid v\u00f5imaldavad valmistada kvaliteetseid detaile, makette, tooten\u00e4idiseid, varuosi ja disainilahendusi nii era- kui \u00e4riklientidele. Pakume samuti 3D-skaneerimist, tehniliste failide ettevalmistust, mudelite parandamist ja erilahendusi. Kiire tarne, t\u00e4pne t\u00f6\u00f6 ja konkurentsiv\u00f5imeline hind. Saada oma fail v\u00f5i idee meile ning saad [&hellip;]\" \/>\n<meta property=\"og:url\" content=\"https:\/\/3dfactory.ee\/et\/store-listing\/\" \/>\n<meta property=\"og:site_name\" content=\"3DFactory.ee\" \/>\n<meta property=\"article:publisher\" content=\"https:\/\/www.facebook.com\/3dfactorybaltic\" \/>\n<meta property=\"article:modified_time\" content=\"2025-11-17T17:15:49+00:00\" \/>\n<meta property=\"og:image\" content=\"https:\/\/3dfactory.ee\/wp-content\/uploads\/2025\/10\/3dSEO.jpg\" \/>\n\t<meta property=\"og:image:width\" content=\"1200\" \/>\n\t<meta property=\"og:image:height\" content=\"675\" \/>\n\t<meta property=\"og:image:type\" content=\"image\/jpeg\" \/>\n<meta name=\"twitter:card\" content=\"summary_large_image\" \/>\n<meta name=\"twitter:label1\" content=\"Est. reading time\" \/>\n\t<meta name=\"twitter:data1\" content=\"1 minut\" \/>\n<script type=\"application\/ld+json\" class=\"yoast-schema-graph\">{\"@context\":\"https:\/\/schema.org\",\"@graph\":[{\"@type\":\"WebPage\",\"@id\":\"https:\/\/3dfactory.ee\/store-listing\/\",\"url\":\"https:\/\/3dfactory.ee\/store-listing\/\",\"name\":\"Store List - 3DFactory.ee\",\"isPartOf\":{\"@id\":\"https:\/\/3dfactory.ee\/#website\"},\"datePublished\":\"2025-08-27T04:57:35+00:00\",\"dateModified\":\"2025-11-17T17:15:49+00:00\",\"breadcrumb\":{\"@id\":\"https:\/\/3dfactory.ee\/store-listing\/#breadcrumb\"},\"inLanguage\":\"et\",\"potentialAction\":[{\"@type\":\"ReadAction\",\"target\":[\"https:\/\/3dfactory.ee\/store-listing\/\"]}]},{\"@type\":\"BreadcrumbList\",\"@id\":\"https:\/\/3dfactory.ee\/store-listing\/#breadcrumb\",\"itemListElement\":[{\"@type\":\"ListItem\",\"position\":1,\"name\":\"Home\",\"item\":\"https:\/\/3dfactory.ee\/\"},{\"@type\":\"ListItem\",\"position\":2,\"name\":\"Store List\"}]},{\"@type\":\"WebSite\",\"@id\":\"https:\/\/3dfactory.ee\/#website\",\"url\":\"https:\/\/3dfactory.ee\/\",\"name\":\"3DFactory.ee\",\"description\":\"3D Printing and 3D Modeling\",\"publisher\":{\"@id\":\"https:\/\/3dfactory.ee\/#organization\"},\"potentialAction\":[{\"@type\":\"SearchAction\",\"target\":{\"@type\":\"EntryPoint\",\"urlTemplate\":\"https:\/\/3dfactory.ee\/?s={search_term_string}\"},\"query-input\":{\"@type\":\"PropertyValueSpecification\",\"valueRequired\":true,\"valueName\":\"search_term_string\"}}],\"inLanguage\":\"et\"},{\"@type\":\"Organization\",\"@id\":\"https:\/\/3dfactory.ee\/#organization\",\"name\":\"3DFactory.ee\",\"url\":\"https:\/\/3dfactory.ee\/\",\"logo\":{\"@type\":\"ImageObject\",\"inLanguage\":\"et\",\"@id\":\"https:\/\/3dfactory.ee\/#\/schema\/logo\/image\/\",\"url\":\"https:\/\/3dfactory.ee\/wp-content\/uploads\/2024\/12\/3dfacory.png\",\"contentUrl\":\"https:\/\/3dfactory.ee\/wp-content\/uploads\/2024\/12\/3dfacory.png\",\"width\":496,\"height\":150,\"caption\":\"3DFactory.ee\"},\"image\":{\"@id\":\"https:\/\/3dfactory.ee\/#\/schema\/logo\/image\/\"},\"sameAs\":[\"https:\/\/www.facebook.com\/3dfactorybaltic\",\"https:\/\/www.instagram.com\/3dfactorybaltic\"]}]}<\/script>\n<!-- \/ Yoast SEO plugin. -->","yoast_head_json":{"title":"Store List - 3DFactory.ee","robots":{"index":"index","follow":"follow","max-snippet":"max-snippet:-1","max-image-preview":"max-image-preview:large","max-video-preview":"max-video-preview:-1"},"canonical":"https:\/\/3dfactory.ee\/et\/store-listing\/","og_locale":"et_EE","og_type":"article","og_title":"Store List - 3DFactory.ee","og_description":"3DFactory.ee pakub professionaalset 3D-printimist, 3D-modelleerimist ja protot\u00fc\u00fcpimisteenuseid \u00fcle kogu Eesti. Meie kaasaegsed FDM, SLA ja SLS printerid v\u00f5imaldavad valmistada kvaliteetseid detaile, makette, tooten\u00e4idiseid, varuosi ja disainilahendusi nii era- kui \u00e4riklientidele. Pakume samuti 3D-skaneerimist, tehniliste failide ettevalmistust, mudelite parandamist ja erilahendusi. Kiire tarne, t\u00e4pne t\u00f6\u00f6 ja konkurentsiv\u00f5imeline hind. Saada oma fail v\u00f5i idee meile ning saad [&hellip;]","og_url":"https:\/\/3dfactory.ee\/et\/store-listing\/","og_site_name":"3DFactory.ee","article_publisher":"https:\/\/www.facebook.com\/3dfactorybaltic","article_modified_time":"2025-11-17T17:15:49+00:00","og_image":[{"width":1200,"height":675,"url":"https:\/\/3dfactory.ee\/wp-content\/uploads\/2025\/10\/3dSEO.jpg","type":"image\/jpeg"}],"twitter_card":"summary_large_image","twitter_misc":{"Est. reading time":"1 minut"},"schema":{"@context":"https:\/\/schema.org","@graph":[{"@type":"WebPage","@id":"https:\/\/3dfactory.ee\/store-listing\/","url":"https:\/\/3dfactory.ee\/store-listing\/","name":"Store List - 3DFactory.ee","isPartOf":{"@id":"https:\/\/3dfactory.ee\/#website"},"datePublished":"2025-08-27T04:57:35+00:00","dateModified":"2025-11-17T17:15:49+00:00","breadcrumb":{"@id":"https:\/\/3dfactory.ee\/store-listing\/#breadcrumb"},"inLanguage":"et","potentialAction":[{"@type":"ReadAction","target":["https:\/\/3dfactory.ee\/store-listing\/"]}]},{"@type":"BreadcrumbList","@id":"https:\/\/3dfactory.ee\/store-listing\/#breadcrumb","itemListElement":[{"@type":"ListItem","position":1,"name":"Home","item":"https:\/\/3dfactory.ee\/"},{"@type":"ListItem","position":2,"name":"Store List"}]},{"@type":"WebSite","@id":"https:\/\/3dfactory.ee\/#website","url":"https:\/\/3dfactory.ee\/","name":"3DFactory.ee","description":"3D Printing and 3D Modeling","publisher":{"@id":"https:\/\/3dfactory.ee\/#organization"},"potentialAction":[{"@type":"SearchAction","target":{"@type":"EntryPoint","urlTemplate":"https:\/\/3dfactory.ee\/?s={search_term_string}"},"query-input":{"@type":"PropertyValueSpecification","valueRequired":true,"valueName":"search_term_string"}}],"inLanguage":"et"},{"@type":"Organization","@id":"https:\/\/3dfactory.ee\/#organization","name":"3DFactory.ee","url":"https:\/\/3dfactory.ee\/","logo":{"@type":"ImageObject","inLanguage":"et","@id":"https:\/\/3dfactory.ee\/#\/schema\/logo\/image\/","url":"https:\/\/3dfactory.ee\/wp-content\/uploads\/2024\/12\/3dfacory.png","contentUrl":"https:\/\/3dfactory.ee\/wp-content\/uploads\/2024\/12\/3dfacory.png","width":496,"height":150,"caption":"3DFactory.ee"},"image":{"@id":"https:\/\/3dfactory.ee\/#\/schema\/logo\/image\/"},"sameAs":["https:\/\/www.facebook.com\/3dfactorybaltic","https:\/\/www.instagram.com\/3dfactorybaltic"]}]}},"_links":{"self":[{"href":"https:\/\/3dfactory.ee\/et\/wp-json\/wp\/v2\/pages\/16","targetHints":{"allow":["GET"]}}],"collection":[{"href":"https:\/\/3dfactory.ee\/et\/wp-json\/wp\/v2\/pages"}],"about":[{"href":"https:\/\/3dfactory.ee\/et\/wp-json\/wp\/v2\/types\/page"}],"author":[{"embeddable":true,"href":"https:\/\/3dfactory.ee\/et\/wp-json\/wp\/v2\/users\/1"}],"replies":[{"embeddable":true,"href":"https:\/\/3dfactory.ee\/et\/wp-json\/wp\/v2\/comments?post=16"}],"version-history":[{"count":2,"href":"https:\/\/3dfactory.ee\/et\/wp-json\/wp\/v2\/pages\/16\/revisions"}],"predecessor-version":[{"id":9300,"href":"https:\/\/3dfactory.ee\/et\/wp-json\/wp\/v2\/pages\/16\/revisions\/9300"}],"wp:attachment":[{"href":"https:\/\/3dfactory.ee\/et\/wp-json\/wp\/v2\/media?parent=16"}],"curies":[{"name":"wp","href":"https:\/\/api.w.org\/{rel}","templated":true}]}}