{"id":9955,"date":"2025-12-29T12:16:10","date_gmt":"2025-12-29T09:16:10","guid":{"rendered":"https:\/\/3dfactory.ee\/?page_id=9955"},"modified":"2025-12-29T12:26:05","modified_gmt":"2025-12-29T09:26:05","slug":"3d-skaneerimise-ja-3d-printimise-protsess","status":"publish","type":"page","link":"https:\/\/3dfactory.ee\/et\/3d-skaneerimise-ja-3d-printimise-protsess\/","title":{"rendered":"3D-skaneerimise ja 3D-printimise protsess"},"content":{"rendered":"<h2 class=\"wp-block-heading\">Kuidas toimub 3D-skaneerimise ja 3D-printimise protsess<\/h2>\n\n\n\n<p>Allpool on kirjeldatud meie tavap\u00e4rane ja l\u00e4bipaistev t\u00f6\u00f6protsess \u2013 alates ideest kuni valmis tooteni.<\/p>\n\n\n\n<hr class=\"wp-block-separator has-alpha-channel-opacity\"\/>\n\n\n\n<h3 class=\"wp-block-heading\"><strong>1. \u00dclesande t\u00e4psustamine<\/strong><\/h3>\n\n\n\n<p>Esimeses etapis lepime detailselt kokku projekti tingimused.<br>Kliendil palume v\u00f5imalikult t\u00e4pselt kirjeldada, <strong>mida soovitakse saada<\/strong> 3D-skaneerimise ja 3D-modelleerimise tulemusena:<\/p>\n\n\n\n<ul class=\"wp-block-list\">\n<li>3D-skaneerimise ja 3D-modelleerimise eesm\u00e4rk;<\/li>\n\n\n\n<li>n\u00f5uded geomeetriale ja detailsusele;<\/li>\n\n\n\n<li>lubatud m\u00f5\u00f5tmete h\u00e4lve (kui see on aktsepteeritav);<\/li>\n\n\n\n<li>planeeritav <strong>3D-printimise kogus (ti\u00adraa\u017e).<\/strong>.<\/li>\n<\/ul>\n\n\n\n<p>Mida t\u00e4psem on l\u00e4hte\u00fclesanne, seda kiirem ja kvaliteetsem on l\u00f5pptulemus.<\/p>\n\n\n\n<hr class=\"wp-block-separator has-alpha-channel-opacity\"\/>\n\n\n\n<h3 class=\"wp-block-heading\"><strong>2. Eseme \u00fcleandmine 3D-skaneerimiseks<\/strong><\/h3>\n\n\n\n<p>3D-skaneerimiseks ja edasiseks digitaalseks t\u00f6\u00f6tlemiseks tuleb ese meile edastada.<br>K\u00f5ige lihtsam ja levinum viis on saatmine pakiautomaadi kaudu (DPD). <strong>shipping via a parcel terminal (DPD)<\/strong>.<\/p>\n\n\n\n<p>See on praktiline lahendus, kuna:<\/p>\n\n\n\n<ul class=\"wp-block-list\">\n<li>3D-skaneerimine,<\/li>\n\n\n\n<li>3D Modelleerimine<\/li>\n\n\n\n<li>3D-\u043f\u0435\u0447\u0430\u0442\u044c<br>toimuvad <strong>eri osakondades \/ t\u00f6\u00f6kodades.<\/strong>.<\/li>\n<\/ul>\n\n\n\n<hr class=\"wp-block-separator has-alpha-channel-opacity\"\/>\n\n\n\n<h3 class=\"wp-block-heading\"><strong>3. Arve 3D-skaneerimise ja 3D-modelleerimise eest<\/strong><\/h3>\n\n\n\n<p>Enne t\u00f6\u00f6 alustamist koostame esimese arve, mis h\u00f5lmab: <strong>first invoice<\/strong>, which includes:<\/p>\n\n\n\n<ul class=\"wp-block-list\">\n<li>3D-skaneerimist;<\/li>\n\n\n\n<li>3D-modelleerimist ja faili ettevalmistust.<\/li>\n<\/ul>\n\n\n\n<p>P\u00e4rast arve kinnitamist ja tasumist alustame t\u00f6\u00f6dega.<\/p>\n\n\n\n<hr class=\"wp-block-separator has-alpha-channel-opacity\"\/>\n\n\n\n<h3 class=\"wp-block-heading\"><strong>4. 3D-skaneerimine ja valmis faili edastamine<\/strong><\/h3>\n\n\n\n<p>Kohe p\u00e4rast eseme saabumist:<\/p>\n\n\n\n<ul class=\"wp-block-list\">\n<li>teostame 3D-skaneerimise;<\/li>\n\n\n\n<li>puhastame ja optimeerime mudeli;<\/li>\n\n\n\n<li>viime l\u00e4bi vajaliku 3D-modelleerimise.<\/li>\n<\/ul>\n\n\n\n<p><strong>Valmis 3D-fail edastatakse kliendile<\/strong> \u00fclevaatamiseks ja kinnitamiseks enne printimist.<\/p>\n\n\n\n<hr class=\"wp-block-separator has-alpha-channel-opacity\"\/>\n\n\n\n<h3 class=\"wp-block-heading\"><strong>5. Arve 3D-printimise eest<\/strong><\/h3>\n\n\n\n<p>P\u00e4rast 3D-mudeli kinnitamist koostame <strong>teise arve<\/strong> 3D-printimise kohta.<br>Hind s\u00f5ltub:<\/p>\n\n\n\n<ul class=\"wp-block-list\">\n<li>materjalist,<\/li>\n\n\n\n<li>kogusest (tiraa\u017eist),<\/li>\n\n\n\n<li>detaili keerukusest,<\/li>\n\n\n\n<li>tootmisajast.<\/li>\n<\/ul>\n\n\n\n<hr class=\"wp-block-separator has-alpha-channel-opacity\"\/>\n\n\n\n<h3 class=\"wp-block-heading\"><strong>6. 3D-printimine ja toodete saatmine<\/strong><\/h3>\n\n\n\n<p>P\u00e4rast arve tasumist alustame 3D-printimist.<br>Valmistooted:<\/p>\n\n\n\n<ul class=\"wp-block-list\">\n<li>kontrollitakse \u00fcle,<\/li>\n\n\n\n<li>pakendatakse hoolikalt,<\/li>\n\n\n\n<li><strong>saadetakse pakiautomaadi kaudu<\/strong>, kui ei ole kokku lepitud teisiti.<\/li>\n<\/ul>\n\n\n\n<hr class=\"wp-block-separator has-alpha-channel-opacity\"\/>\n\n\n\n<h3 class=\"wp-block-heading\"><strong>Kokkuv\u00f5te<\/strong><\/h3>\n\n\n\n<p>Selline samm-sammuline protsess tagab:<\/p>\n\n\n\n<ul class=\"wp-block-list\">\n<li>kvaliteedikontrolli igas etapis,<\/li>\n\n\n\n<li>selge ja arusaadava t\u00f6\u00f6korralduse,<\/li>\n\n\n\n<li>optimaalse ajakulu ja eelarve.<\/li>\n<\/ul>\n\n\n\n<p>Kui teil on erilahendus v\u00f5i t\u00e4iendavad n\u00f5uded, v\u00f5tke meiega julgelt \u00fchendust \u2013 leiame sobiva lahenduse \ud83d\ude80<\/p>\n\n\n\n<p><\/p>","protected":false},"excerpt":{"rendered":"<p>How the 3D Scanning and 3D Printing Process Works Below is our standard and transparent workflow \u2014 from the initial idea to the finished product. 1. Project clarification At the first stage, we thoroughly discuss all project details.The client must clearly describe what result is expected from 3D scanning and 3D modeling: The more precise [&hellip;]<\/p>","protected":false},"author":1,"featured_media":0,"parent":0,"menu_order":0,"comment_status":"closed","ping_status":"closed","template":"","meta":{"_sitemap_exclude":false,"_sitemap_priority":"","_sitemap_frequency":"","footnotes":""},"class_list":["post-9955","page","type-page","status-publish","hentry"],"yoast_head":"<!-- This site is optimized with the Yoast SEO plugin v27.0 - https:\/\/yoast.com\/product\/yoast-seo-wordpress\/ -->\n<title>3D Scanning and 3D Printing Process Works - 3DFactory.ee<\/title>\n<meta name=\"robots\" content=\"index, follow, max-snippet:-1, max-image-preview:large, max-video-preview:-1\" \/>\n<link rel=\"canonical\" href=\"https:\/\/3dfactory.ee\/et\/3d-skaneerimise-ja-3d-printimise-protsess\/\" \/>\n<meta property=\"og:locale\" content=\"et_EE\" \/>\n<meta property=\"og:type\" content=\"article\" \/>\n<meta property=\"og:title\" content=\"3D Scanning and 3D Printing Process Works - 3DFactory.ee\" \/>\n<meta property=\"og:description\" content=\"How the 3D Scanning and 3D Printing Process Works Below is our standard and transparent workflow \u2014 from the initial idea to the finished product. 1. Project clarification At the first stage, we thoroughly discuss all project details.The client must clearly describe what result is expected from 3D scanning and 3D modeling: The more precise [&hellip;]\" \/>\n<meta property=\"og:url\" content=\"https:\/\/3dfactory.ee\/et\/3d-skaneerimise-ja-3d-printimise-protsess\/\" \/>\n<meta property=\"og:site_name\" content=\"3DFactory.ee\" \/>\n<meta property=\"article:publisher\" content=\"https:\/\/www.facebook.com\/3dfactorybaltic\" \/>\n<meta property=\"article:modified_time\" content=\"2025-12-29T09:26:05+00:00\" \/>\n<meta property=\"og:image\" content=\"https:\/\/3dfactory.ee\/wp-content\/uploads\/2025\/10\/3dSEO.jpg\" \/>\n\t<meta property=\"og:image:width\" content=\"1200\" \/>\n\t<meta property=\"og:image:height\" content=\"675\" \/>\n\t<meta property=\"og:image:type\" content=\"image\/jpeg\" \/>\n<meta name=\"twitter:card\" content=\"summary_large_image\" \/>\n<meta name=\"twitter:label1\" content=\"Est. reading time\" \/>\n\t<meta name=\"twitter:data1\" content=\"2 minutit\" \/>\n<script type=\"application\/ld+json\" class=\"yoast-schema-graph\">{\"@context\":\"https:\/\/schema.org\",\"@graph\":[{\"@type\":\"WebPage\",\"@id\":\"https:\/\/3dfactory.ee\/3d-skaneerimise-ja-3d-printimise-protsess\/\",\"url\":\"https:\/\/3dfactory.ee\/3d-skaneerimise-ja-3d-printimise-protsess\/\",\"name\":\"3D Scanning and 3D Printing Process Works - 3DFactory.ee\",\"isPartOf\":{\"@id\":\"https:\/\/3dfactory.ee\/#website\"},\"datePublished\":\"2025-12-29T09:16:10+00:00\",\"dateModified\":\"2025-12-29T09:26:05+00:00\",\"breadcrumb\":{\"@id\":\"https:\/\/3dfactory.ee\/3d-skaneerimise-ja-3d-printimise-protsess\/#breadcrumb\"},\"inLanguage\":\"et\",\"potentialAction\":[{\"@type\":\"ReadAction\",\"target\":[\"https:\/\/3dfactory.ee\/3d-skaneerimise-ja-3d-printimise-protsess\/\"]}]},{\"@type\":\"BreadcrumbList\",\"@id\":\"https:\/\/3dfactory.ee\/3d-skaneerimise-ja-3d-printimise-protsess\/#breadcrumb\",\"itemListElement\":[{\"@type\":\"ListItem\",\"position\":1,\"name\":\"Home\",\"item\":\"https:\/\/3dfactory.ee\/\"},{\"@type\":\"ListItem\",\"position\":2,\"name\":\"3D Scanning and 3D Printing Process Works\"}]},{\"@type\":\"WebSite\",\"@id\":\"https:\/\/3dfactory.ee\/#website\",\"url\":\"https:\/\/3dfactory.ee\/\",\"name\":\"3DFactory.ee\",\"description\":\"3D Printing and 3D Modeling\",\"publisher\":{\"@id\":\"https:\/\/3dfactory.ee\/#organization\"},\"potentialAction\":[{\"@type\":\"SearchAction\",\"target\":{\"@type\":\"EntryPoint\",\"urlTemplate\":\"https:\/\/3dfactory.ee\/?s={search_term_string}\"},\"query-input\":{\"@type\":\"PropertyValueSpecification\",\"valueRequired\":true,\"valueName\":\"search_term_string\"}}],\"inLanguage\":\"et\"},{\"@type\":\"Organization\",\"@id\":\"https:\/\/3dfactory.ee\/#organization\",\"name\":\"3DFactory.ee\",\"url\":\"https:\/\/3dfactory.ee\/\",\"logo\":{\"@type\":\"ImageObject\",\"inLanguage\":\"et\",\"@id\":\"https:\/\/3dfactory.ee\/#\/schema\/logo\/image\/\",\"url\":\"https:\/\/3dfactory.ee\/wp-content\/uploads\/2024\/12\/3dfacory.png\",\"contentUrl\":\"https:\/\/3dfactory.ee\/wp-content\/uploads\/2024\/12\/3dfacory.png\",\"width\":496,\"height\":150,\"caption\":\"3DFactory.ee\"},\"image\":{\"@id\":\"https:\/\/3dfactory.ee\/#\/schema\/logo\/image\/\"},\"sameAs\":[\"https:\/\/www.facebook.com\/3dfactorybaltic\",\"https:\/\/www.instagram.com\/3dfactorybaltic\"]}]}<\/script>\n<!-- \/ Yoast SEO plugin. -->","yoast_head_json":{"title":"3D Scanning and 3D Printing Process Works - 3DFactory.ee","robots":{"index":"index","follow":"follow","max-snippet":"max-snippet:-1","max-image-preview":"max-image-preview:large","max-video-preview":"max-video-preview:-1"},"canonical":"https:\/\/3dfactory.ee\/et\/3d-skaneerimise-ja-3d-printimise-protsess\/","og_locale":"et_EE","og_type":"article","og_title":"3D Scanning and 3D Printing Process Works - 3DFactory.ee","og_description":"How the 3D Scanning and 3D Printing Process Works Below is our standard and transparent workflow \u2014 from the initial idea to the finished product. 1. Project clarification At the first stage, we thoroughly discuss all project details.The client must clearly describe what result is expected from 3D scanning and 3D modeling: The more precise [&hellip;]","og_url":"https:\/\/3dfactory.ee\/et\/3d-skaneerimise-ja-3d-printimise-protsess\/","og_site_name":"3DFactory.ee","article_publisher":"https:\/\/www.facebook.com\/3dfactorybaltic","article_modified_time":"2025-12-29T09:26:05+00:00","og_image":[{"width":1200,"height":675,"url":"https:\/\/3dfactory.ee\/wp-content\/uploads\/2025\/10\/3dSEO.jpg","type":"image\/jpeg"}],"twitter_card":"summary_large_image","twitter_misc":{"Est. reading time":"2 minutit"},"schema":{"@context":"https:\/\/schema.org","@graph":[{"@type":"WebPage","@id":"https:\/\/3dfactory.ee\/3d-skaneerimise-ja-3d-printimise-protsess\/","url":"https:\/\/3dfactory.ee\/3d-skaneerimise-ja-3d-printimise-protsess\/","name":"3D Scanning and 3D Printing Process Works - 3DFactory.ee","isPartOf":{"@id":"https:\/\/3dfactory.ee\/#website"},"datePublished":"2025-12-29T09:16:10+00:00","dateModified":"2025-12-29T09:26:05+00:00","breadcrumb":{"@id":"https:\/\/3dfactory.ee\/3d-skaneerimise-ja-3d-printimise-protsess\/#breadcrumb"},"inLanguage":"et","potentialAction":[{"@type":"ReadAction","target":["https:\/\/3dfactory.ee\/3d-skaneerimise-ja-3d-printimise-protsess\/"]}]},{"@type":"BreadcrumbList","@id":"https:\/\/3dfactory.ee\/3d-skaneerimise-ja-3d-printimise-protsess\/#breadcrumb","itemListElement":[{"@type":"ListItem","position":1,"name":"Home","item":"https:\/\/3dfactory.ee\/"},{"@type":"ListItem","position":2,"name":"3D Scanning and 3D Printing Process Works"}]},{"@type":"WebSite","@id":"https:\/\/3dfactory.ee\/#website","url":"https:\/\/3dfactory.ee\/","name":"3DFactory.ee","description":"3D Printing and 3D Modeling","publisher":{"@id":"https:\/\/3dfactory.ee\/#organization"},"potentialAction":[{"@type":"SearchAction","target":{"@type":"EntryPoint","urlTemplate":"https:\/\/3dfactory.ee\/?s={search_term_string}"},"query-input":{"@type":"PropertyValueSpecification","valueRequired":true,"valueName":"search_term_string"}}],"inLanguage":"et"},{"@type":"Organization","@id":"https:\/\/3dfactory.ee\/#organization","name":"3DFactory.ee","url":"https:\/\/3dfactory.ee\/","logo":{"@type":"ImageObject","inLanguage":"et","@id":"https:\/\/3dfactory.ee\/#\/schema\/logo\/image\/","url":"https:\/\/3dfactory.ee\/wp-content\/uploads\/2024\/12\/3dfacory.png","contentUrl":"https:\/\/3dfactory.ee\/wp-content\/uploads\/2024\/12\/3dfacory.png","width":496,"height":150,"caption":"3DFactory.ee"},"image":{"@id":"https:\/\/3dfactory.ee\/#\/schema\/logo\/image\/"},"sameAs":["https:\/\/www.facebook.com\/3dfactorybaltic","https:\/\/www.instagram.com\/3dfactorybaltic"]}]}},"_links":{"self":[{"href":"https:\/\/3dfactory.ee\/et\/wp-json\/wp\/v2\/pages\/9955","targetHints":{"allow":["GET"]}}],"collection":[{"href":"https:\/\/3dfactory.ee\/et\/wp-json\/wp\/v2\/pages"}],"about":[{"href":"https:\/\/3dfactory.ee\/et\/wp-json\/wp\/v2\/types\/page"}],"author":[{"embeddable":true,"href":"https:\/\/3dfactory.ee\/et\/wp-json\/wp\/v2\/users\/1"}],"replies":[{"embeddable":true,"href":"https:\/\/3dfactory.ee\/et\/wp-json\/wp\/v2\/comments?post=9955"}],"version-history":[{"count":2,"href":"https:\/\/3dfactory.ee\/et\/wp-json\/wp\/v2\/pages\/9955\/revisions"}],"predecessor-version":[{"id":9962,"href":"https:\/\/3dfactory.ee\/et\/wp-json\/wp\/v2\/pages\/9955\/revisions\/9962"}],"wp:attachment":[{"href":"https:\/\/3dfactory.ee\/et\/wp-json\/wp\/v2\/media?parent=9955"}],"curies":[{"name":"wp","href":"https:\/\/api.w.org\/{rel}","templated":true}]}}