{"id":9027,"date":"2025-09-25T09:43:15","date_gmt":"2025-09-25T06:43:15","guid":{"rendered":"https:\/\/3dfactory.ee\/?page_id=9027"},"modified":"2025-11-27T10:45:06","modified_gmt":"2025-11-27T07:45:06","slug":"3d-modeling","status":"publish","type":"page","link":"https:\/\/3dfactory.ee\/lv\/3d-modeling\/","title":{"rendered":"3D Model\u0113\u0161ana"},"content":{"rendered":"<p>3D Model\u0113\u0161ana<\/p>\n<p>M\u016bsu profesion\u0101l\u0101 3D dizaina studija 3DFight.com darbojas kop\u0161 2001. gada un specializ\u0113jas 3D mode\u013cu izstr\u0101d\u0113.<br \/>\nM\u0113s izveidojam un sagatavojam digit\u0101lus mode\u013cus, kas ir piln\u012bb\u0101 gatavi 3D drukai \u2014 p\u0113c j\u016bsu z\u012bm\u0113jumiem, fotogr\u0101fij\u0101m vai idej\u0101m.<\/p>\n<p>Vai jums nepiecie\u0161ams produkta prototips, arhitekt\u016bras modelis vai unik\u0101la deta\u013ca? M\u0113s izveidosim prec\u012bzu STL vai OBJ failu, kas piln\u012bb\u0101 atbilst j\u016bsu vajadz\u012bb\u0101m.<\/p>\n<p>M\u0113s pied\u0101v\u0101jam:<\/p>\n<p>3D mode\u013cu izstr\u0101di no idejas l\u012bdz drukai gatavam failam<\/p>\n<p>Failu optimiz\u0101ciju prec\u012bzai drukai<\/p>\n<p>Dizaina korekcijas un vizualiz\u0101ciju<\/p>\n<p>\u0100tru izpildi un profesion\u0101lu atbalstu<\/p>\n<p>\ud83c\udfa8 Atnes savu ideju \u2014 m\u0113s p\u0101rv\u0113rt\u012bsim to 3D realit\u0101t\u0113.<\/p>\n<p><img fetchpriority=\"high\" decoding=\"async\" class=\"aligncenter size-full wp-image-9489\" src=\"https:\/\/3dfactory.ee\/wp-content\/uploads\/2025\/11\/3D-Modelleerimine.jpg\" alt=\"\" width=\"1024\" height=\"1024\" srcset=\"https:\/\/3dfactory.ee\/wp-content\/uploads\/2025\/11\/3D-Modelleerimine.jpg 1024w, https:\/\/3dfactory.ee\/wp-content\/uploads\/2025\/11\/3D-Modelleerimine-300x300.jpg 300w, https:\/\/3dfactory.ee\/wp-content\/uploads\/2025\/11\/3D-Modelleerimine-150x150.jpg 150w, https:\/\/3dfactory.ee\/wp-content\/uploads\/2025\/11\/3D-Modelleerimine-768x768.jpg 768w, https:\/\/3dfactory.ee\/wp-content\/uploads\/2025\/11\/3D-Modelleerimine-12x12.jpg 12w, https:\/\/3dfactory.ee\/wp-content\/uploads\/2025\/11\/3D-Modelleerimine-600x600.jpg 600w\" sizes=\"(max-width: 1024px) 100vw, 1024px\" \/><\/p>","protected":false},"excerpt":{"rendered":"<p>3D Modeling Our professional 3D design studio 3DFight.com has been creating 3D models since 2001. We design and prepare digital models ready for 3D printing \u2014 from your sketches, photos, or ideas. Whether you need a product prototype, an architectural model, or a custom part, our experienced designers use advanced software to create precise STL [&hellip;]<\/p>","protected":false},"author":1,"featured_media":0,"parent":0,"menu_order":0,"comment_status":"closed","ping_status":"closed","template":"","meta":{"_sitemap_exclude":false,"_sitemap_priority":"","_sitemap_frequency":"","footnotes":""},"class_list":["post-9027","page","type-page","status-publish","hentry"],"yoast_head":"<!-- This site is optimized with the Yoast SEO plugin v27.0 - https:\/\/yoast.com\/product\/yoast-seo-wordpress\/ -->\n<title>3D Modeling - 3DFactory.ee<\/title>\n<meta name=\"description\" content=\"Loome t\u00e4pseid 3D-mudeleid toodetele, disainile ja protot\u00fc\u00fcpidele. Meie 3D-stuudio t\u00f6\u00f6tab aastast 2001.\" \/>\n<meta name=\"robots\" content=\"index, follow, max-snippet:-1, max-image-preview:large, max-video-preview:-1\" \/>\n<link rel=\"canonical\" href=\"https:\/\/3dfactory.ee\/lv\/3d-modeling\/\" \/>\n<meta property=\"og:locale\" content=\"lv_LV\" \/>\n<meta property=\"og:type\" content=\"article\" \/>\n<meta property=\"og:title\" content=\"3D Modeling - 3DFactory.ee\" \/>\n<meta property=\"og:description\" content=\"Loome t\u00e4pseid 3D-mudeleid toodetele, disainile ja protot\u00fc\u00fcpidele. Meie 3D-stuudio t\u00f6\u00f6tab aastast 2001.\" \/>\n<meta property=\"og:url\" content=\"https:\/\/3dfactory.ee\/lv\/3d-modeling\/\" \/>\n<meta property=\"og:site_name\" content=\"3DFactory.ee\" \/>\n<meta property=\"article:publisher\" content=\"https:\/\/www.facebook.com\/3dfactorybaltic\" \/>\n<meta property=\"article:modified_time\" content=\"2025-11-27T07:45:06+00:00\" \/>\n<meta property=\"og:image\" content=\"https:\/\/3dfactory.ee\/wp-content\/uploads\/2025\/11\/3D-Modelleerimine.jpg\" \/>\n\t<meta property=\"og:image:width\" content=\"1024\" \/>\n\t<meta property=\"og:image:height\" content=\"1024\" \/>\n\t<meta property=\"og:image:type\" content=\"image\/jpeg\" \/>\n<meta name=\"twitter:card\" content=\"summary_large_image\" \/>\n<meta name=\"twitter:label1\" content=\"Est. reading time\" \/>\n\t<meta name=\"twitter:data1\" content=\"1 min\u016bte\" \/>\n<script type=\"application\/ld+json\" class=\"yoast-schema-graph\">{\"@context\":\"https:\/\/schema.org\",\"@graph\":[{\"@type\":\"WebPage\",\"@id\":\"https:\/\/3dfactory.ee\/3d-modeling\/\",\"url\":\"https:\/\/3dfactory.ee\/3d-modeling\/\",\"name\":\"3D Modeling - 3DFactory.ee\",\"isPartOf\":{\"@id\":\"https:\/\/3dfactory.ee\/#website\"},\"primaryImageOfPage\":{\"@id\":\"https:\/\/3dfactory.ee\/3d-modeling\/#primaryimage\"},\"image\":{\"@id\":\"https:\/\/3dfactory.ee\/3d-modeling\/#primaryimage\"},\"thumbnailUrl\":\"https:\/\/3dfactory.ee\/wp-content\/uploads\/2025\/11\/3D-Modelleerimine.jpg\",\"datePublished\":\"2025-09-25T06:43:15+00:00\",\"dateModified\":\"2025-11-27T07:45:06+00:00\",\"description\":\"Loome t\u00e4pseid 3D-mudeleid toodetele, disainile ja protot\u00fc\u00fcpidele. Meie 3D-stuudio t\u00f6\u00f6tab aastast 2001.\",\"breadcrumb\":{\"@id\":\"https:\/\/3dfactory.ee\/3d-modeling\/#breadcrumb\"},\"inLanguage\":\"lv-LV\",\"potentialAction\":[{\"@type\":\"ReadAction\",\"target\":[\"https:\/\/3dfactory.ee\/3d-modeling\/\"]}]},{\"@type\":\"ImageObject\",\"inLanguage\":\"lv-LV\",\"@id\":\"https:\/\/3dfactory.ee\/3d-modeling\/#primaryimage\",\"url\":\"https:\/\/3dfactory.ee\/wp-content\/uploads\/2025\/11\/3D-Modelleerimine.jpg\",\"contentUrl\":\"https:\/\/3dfactory.ee\/wp-content\/uploads\/2025\/11\/3D-Modelleerimine.jpg\"},{\"@type\":\"BreadcrumbList\",\"@id\":\"https:\/\/3dfactory.ee\/3d-modeling\/#breadcrumb\",\"itemListElement\":[{\"@type\":\"ListItem\",\"position\":1,\"name\":\"Home\",\"item\":\"https:\/\/3dfactory.ee\/\"},{\"@type\":\"ListItem\",\"position\":2,\"name\":\"3D Modeling\"}]},{\"@type\":\"WebSite\",\"@id\":\"https:\/\/3dfactory.ee\/#website\",\"url\":\"https:\/\/3dfactory.ee\/\",\"name\":\"3DFactory.ee\",\"description\":\"3D Printing and 3D Modeling\",\"publisher\":{\"@id\":\"https:\/\/3dfactory.ee\/#organization\"},\"potentialAction\":[{\"@type\":\"SearchAction\",\"target\":{\"@type\":\"EntryPoint\",\"urlTemplate\":\"https:\/\/3dfactory.ee\/?s={search_term_string}\"},\"query-input\":{\"@type\":\"PropertyValueSpecification\",\"valueRequired\":true,\"valueName\":\"search_term_string\"}}],\"inLanguage\":\"lv-LV\"},{\"@type\":\"Organization\",\"@id\":\"https:\/\/3dfactory.ee\/#organization\",\"name\":\"3DFactory.ee\",\"url\":\"https:\/\/3dfactory.ee\/\",\"logo\":{\"@type\":\"ImageObject\",\"inLanguage\":\"lv-LV\",\"@id\":\"https:\/\/3dfactory.ee\/#\/schema\/logo\/image\/\",\"url\":\"https:\/\/3dfactory.ee\/wp-content\/uploads\/2024\/12\/3dfacory.png\",\"contentUrl\":\"https:\/\/3dfactory.ee\/wp-content\/uploads\/2024\/12\/3dfacory.png\",\"width\":496,\"height\":150,\"caption\":\"3DFactory.ee\"},\"image\":{\"@id\":\"https:\/\/3dfactory.ee\/#\/schema\/logo\/image\/\"},\"sameAs\":[\"https:\/\/www.facebook.com\/3dfactorybaltic\",\"https:\/\/www.instagram.com\/3dfactorybaltic\"]}]}<\/script>\n<!-- \/ Yoast SEO plugin. -->","yoast_head_json":{"title":"3D Modeling - 3DFactory.ee","description":"Loome t\u00e4pseid 3D-mudeleid toodetele, disainile ja protot\u00fc\u00fcpidele. Meie 3D-stuudio t\u00f6\u00f6tab aastast 2001.","robots":{"index":"index","follow":"follow","max-snippet":"max-snippet:-1","max-image-preview":"max-image-preview:large","max-video-preview":"max-video-preview:-1"},"canonical":"https:\/\/3dfactory.ee\/lv\/3d-modeling\/","og_locale":"lv_LV","og_type":"article","og_title":"3D Modeling - 3DFactory.ee","og_description":"Loome t\u00e4pseid 3D-mudeleid toodetele, disainile ja protot\u00fc\u00fcpidele. Meie 3D-stuudio t\u00f6\u00f6tab aastast 2001.","og_url":"https:\/\/3dfactory.ee\/lv\/3d-modeling\/","og_site_name":"3DFactory.ee","article_publisher":"https:\/\/www.facebook.com\/3dfactorybaltic","article_modified_time":"2025-11-27T07:45:06+00:00","og_image":[{"width":1024,"height":1024,"url":"https:\/\/3dfactory.ee\/wp-content\/uploads\/2025\/11\/3D-Modelleerimine.jpg","type":"image\/jpeg"}],"twitter_card":"summary_large_image","twitter_misc":{"Est. reading time":"1 min\u016bte"},"schema":{"@context":"https:\/\/schema.org","@graph":[{"@type":"WebPage","@id":"https:\/\/3dfactory.ee\/3d-modeling\/","url":"https:\/\/3dfactory.ee\/3d-modeling\/","name":"3D Modeling - 3DFactory.ee","isPartOf":{"@id":"https:\/\/3dfactory.ee\/#website"},"primaryImageOfPage":{"@id":"https:\/\/3dfactory.ee\/3d-modeling\/#primaryimage"},"image":{"@id":"https:\/\/3dfactory.ee\/3d-modeling\/#primaryimage"},"thumbnailUrl":"https:\/\/3dfactory.ee\/wp-content\/uploads\/2025\/11\/3D-Modelleerimine.jpg","datePublished":"2025-09-25T06:43:15+00:00","dateModified":"2025-11-27T07:45:06+00:00","description":"Loome t\u00e4pseid 3D-mudeleid toodetele, disainile ja protot\u00fc\u00fcpidele. Meie 3D-stuudio t\u00f6\u00f6tab aastast 2001.","breadcrumb":{"@id":"https:\/\/3dfactory.ee\/3d-modeling\/#breadcrumb"},"inLanguage":"lv-LV","potentialAction":[{"@type":"ReadAction","target":["https:\/\/3dfactory.ee\/3d-modeling\/"]}]},{"@type":"ImageObject","inLanguage":"lv-LV","@id":"https:\/\/3dfactory.ee\/3d-modeling\/#primaryimage","url":"https:\/\/3dfactory.ee\/wp-content\/uploads\/2025\/11\/3D-Modelleerimine.jpg","contentUrl":"https:\/\/3dfactory.ee\/wp-content\/uploads\/2025\/11\/3D-Modelleerimine.jpg"},{"@type":"BreadcrumbList","@id":"https:\/\/3dfactory.ee\/3d-modeling\/#breadcrumb","itemListElement":[{"@type":"ListItem","position":1,"name":"Home","item":"https:\/\/3dfactory.ee\/"},{"@type":"ListItem","position":2,"name":"3D Modeling"}]},{"@type":"WebSite","@id":"https:\/\/3dfactory.ee\/#website","url":"https:\/\/3dfactory.ee\/","name":"3DFactory.ee","description":"3D Printing and 3D Modeling","publisher":{"@id":"https:\/\/3dfactory.ee\/#organization"},"potentialAction":[{"@type":"SearchAction","target":{"@type":"EntryPoint","urlTemplate":"https:\/\/3dfactory.ee\/?s={search_term_string}"},"query-input":{"@type":"PropertyValueSpecification","valueRequired":true,"valueName":"search_term_string"}}],"inLanguage":"lv-LV"},{"@type":"Organization","@id":"https:\/\/3dfactory.ee\/#organization","name":"3DFactory.ee","url":"https:\/\/3dfactory.ee\/","logo":{"@type":"ImageObject","inLanguage":"lv-LV","@id":"https:\/\/3dfactory.ee\/#\/schema\/logo\/image\/","url":"https:\/\/3dfactory.ee\/wp-content\/uploads\/2024\/12\/3dfacory.png","contentUrl":"https:\/\/3dfactory.ee\/wp-content\/uploads\/2024\/12\/3dfacory.png","width":496,"height":150,"caption":"3DFactory.ee"},"image":{"@id":"https:\/\/3dfactory.ee\/#\/schema\/logo\/image\/"},"sameAs":["https:\/\/www.facebook.com\/3dfactorybaltic","https:\/\/www.instagram.com\/3dfactorybaltic"]}]}},"_links":{"self":[{"href":"https:\/\/3dfactory.ee\/lv\/wp-json\/wp\/v2\/pages\/9027","targetHints":{"allow":["GET"]}}],"collection":[{"href":"https:\/\/3dfactory.ee\/lv\/wp-json\/wp\/v2\/pages"}],"about":[{"href":"https:\/\/3dfactory.ee\/lv\/wp-json\/wp\/v2\/types\/page"}],"author":[{"embeddable":true,"href":"https:\/\/3dfactory.ee\/lv\/wp-json\/wp\/v2\/users\/1"}],"replies":[{"embeddable":true,"href":"https:\/\/3dfactory.ee\/lv\/wp-json\/wp\/v2\/comments?post=9027"}],"version-history":[{"count":3,"href":"https:\/\/3dfactory.ee\/lv\/wp-json\/wp\/v2\/pages\/9027\/revisions"}],"predecessor-version":[{"id":9490,"href":"https:\/\/3dfactory.ee\/lv\/wp-json\/wp\/v2\/pages\/9027\/revisions\/9490"}],"wp:attachment":[{"href":"https:\/\/3dfactory.ee\/lv\/wp-json\/wp\/v2\/media?parent=9027"}],"curies":[{"name":"wp","href":"https:\/\/api.w.org\/{rel}","templated":true}]}}