{"id":9150,"date":"2025-10-10T21:10:54","date_gmt":"2025-10-10T18:10:54","guid":{"rendered":"https:\/\/3dfactory.ee\/?page_id=9150"},"modified":"2026-02-27T11:23:18","modified_gmt":"2026-02-27T08:23:18","slug":"3d-printing","status":"publish","type":"page","link":"https:\/\/3dfactory.ee\/lv\/3d-printing\/","title":{"rendered":"3D Druka"},"content":{"rendered":"<div data-elementor-type=\"wp-page\" data-elementor-id=\"9150\" class=\"elementor elementor-9150\">\n\t\t\t\t<div class=\"elementor-element elementor-element-7c839d0f e-flex e-con-boxed e-con e-parent\" data-id=\"7c839d0f\" data-element_type=\"container\">\n\t\t\t\t\t<div class=\"e-con-inner\">\n\t\t\t\t<div class=\"elementor-element elementor-element-5c9c7576 elementor-widget elementor-widget-text-editor\" data-id=\"5c9c7576\" data-element_type=\"widget\" data-widget_type=\"text-editor.default\">\n\t\t\t\t\t\t\t\t\t<p>3D Druka<\/p><p>Kas ir 3D druka?<br \/>3D druka ir m\u016bsdien\u012bga ra\u017eo\u0161anas tehnolo\u0123ija, kas veido fiziskus objektus no digit\u0101liem 3D mode\u013ciem, uzkl\u0101jot materi\u0101lu pa sl\u0101\u0146iem.<br \/>At\u0161\u0137ir\u012bb\u0101 no tradicion\u0101l\u0101m metod\u0113m, kur materi\u0101lu grie\u017e vai lej, 3D printeris \u201cuzb\u016bv\u0113\u201d deta\u013cu tie\u0161i tur, kur nepiecie\u0161ams, \u013caujot izgatavot sare\u017e\u0123\u012btas formas.<br \/>T\u0101 ir ide\u0101la izv\u0113le prototipu, dizaina objektu un individu\u0101lu deta\u013cu ra\u017eo\u0161anai.<\/p><p>3DFACTORY.EE p\u0101rv\u0113r\u0161 j\u016bsu idejas realit\u0101t\u0113, izmantojot augstas precizit\u0101tes r\u016bpnieciskos 3D printerus un modernas tehnolo\u0123ijas.<br \/>M\u016bsu printeru parks darbojas 24 stundas diennakt\u012b, \u013caujot izgatavot gan mazus mode\u013cus, gan lielus projektus l\u012bdz 1 metram.<br \/>Pied\u0101v\u0101jam ar\u012b oglek\u013ca \u0161\u0137iedras druku, kas nodro\u0161ina iztur\u012bbu un augst\u0101ko kvalit\u0101ti.<\/p><p>Vai jums nepiecie\u0161ams viens unik\u0101ls modelis vai s\u0113rijveida ra\u017eo\u0161ana? M\u0113s nodro\u0161in\u0101m \u0101trumu, precizit\u0101ti un lielisku rezult\u0101tu.<\/p><p>Priek\u0161roc\u012bbas:<\/p><p>R\u016bpnieciska precizit\u0101te un virsmas kvalit\u0101te<\/p><p>Oglek\u013ca un citi moderni materi\u0101li<\/p><p>Liela izm\u0113ra druka l\u012bdz 1 metram<\/p><p>\u0100tra izpilde un pieg\u0101de<\/p><p>\ud83d\udce9 Nos\u016btiet mums savu 3D failu (.STL, .OBJ u.c.) un sa\u0146emiet cenu pied\u0101v\u0101jumu!<\/p><p><strong><a href=\"https:\/\/3dfactory.ee\/lv\/3d-printimine-eestis\/\">3D druka vis\u0101 Igaunij\u0101 \u2013 Uzzin\u0101t vair\u0101k<\/a><\/strong><\/p><p><div style=\"width: 1152px;\" class=\"wp-video\"><video class=\"wp-video-shortcode\" id=\"video-9150-1\" width=\"1152\" height=\"768\" poster=\"https:\/\/3dfactory.ee\/wp-content\/uploads\/2025\/10\/3dSEO.jpg\" preload=\"metadata\" controls=\"controls\"><source type=\"video\/mp4\" src=\"https:\/\/3dfactory.ee\/wp-content\/uploads\/2025\/11\/3DFactory-1m.mp4?_=1\" \/><a href=\"https:\/\/3dfactory.ee\/wp-content\/uploads\/2025\/11\/3DFactory-1m.mp4\">https:\/\/3dfactory.ee\/wp-content\/uploads\/2025\/11\/3DFactory-1m.mp4<\/a><\/video><\/div><\/p><p><img fetchpriority=\"high\" decoding=\"async\" class=\"aligncenter size-full wp-image-9561\" src=\"https:\/\/3dfactory.ee\/wp-content\/uploads\/2025\/12\/large-print-tallinnas.jpg\" alt=\"\" width=\"500\" height=\"375\" srcset=\"https:\/\/3dfactory.ee\/wp-content\/uploads\/2025\/12\/large-print-tallinnas.jpg 500w, https:\/\/3dfactory.ee\/wp-content\/uploads\/2025\/12\/large-print-tallinnas-300x225.jpg 300w, https:\/\/3dfactory.ee\/wp-content\/uploads\/2025\/12\/large-print-tallinnas-16x12.jpg 16w\" sizes=\"(max-width: 500px) 100vw, 500px\" \/> <img decoding=\"async\" class=\"aligncenter size-full wp-image-9560\" src=\"https:\/\/3dfactory.ee\/wp-content\/uploads\/2025\/12\/3dprint-eestis.jpg\" alt=\"\" width=\"500\" height=\"375\" srcset=\"https:\/\/3dfactory.ee\/wp-content\/uploads\/2025\/12\/3dprint-eestis.jpg 500w, https:\/\/3dfactory.ee\/wp-content\/uploads\/2025\/12\/3dprint-eestis-300x225.jpg 300w, https:\/\/3dfactory.ee\/wp-content\/uploads\/2025\/12\/3dprint-eestis-16x12.jpg 16w\" sizes=\"(max-width: 500px) 100vw, 500px\" \/> <img decoding=\"async\" class=\"aligncenter size-full wp-image-9976\" src=\"https:\/\/3dfactory.ee\/wp-content\/uploads\/2026\/01\/3dfactory-3dprinter.jpg\" alt=\"\" width=\"500\" height=\"375\" srcset=\"https:\/\/3dfactory.ee\/wp-content\/uploads\/2026\/01\/3dfactory-3dprinter.jpg 500w, https:\/\/3dfactory.ee\/wp-content\/uploads\/2026\/01\/3dfactory-3dprinter-300x225.jpg 300w, https:\/\/3dfactory.ee\/wp-content\/uploads\/2026\/01\/3dfactory-3dprinter-16x12.jpg 16w\" sizes=\"(max-width: 500px) 100vw, 500px\" \/><\/p><p><img loading=\"lazy\" decoding=\"async\" class=\"aligncenter size-full wp-image-10066\" src=\"https:\/\/3dfactory.ee\/wp-content\/uploads\/2026\/02\/portfolio-fdm-large-sculpture-3d-print-eestis.jpg\" alt=\"\" width=\"500\" height=\"375\" srcset=\"https:\/\/3dfactory.ee\/wp-content\/uploads\/2026\/02\/portfolio-fdm-large-sculpture-3d-print-eestis.jpg 500w, https:\/\/3dfactory.ee\/wp-content\/uploads\/2026\/02\/portfolio-fdm-large-sculpture-3d-print-eestis-300x225.jpg 300w, https:\/\/3dfactory.ee\/wp-content\/uploads\/2026\/02\/portfolio-fdm-large-sculpture-3d-print-eestis-16x12.jpg 16w\" sizes=\"(max-width: 500px) 100vw, 500px\" \/><\/p>\t\t\t\t\t\t\t\t<\/div>\n\t\t\t\t\t<\/div>\n\t\t\t\t<\/div>\n\t\t\t\t<\/div>","protected":false},"excerpt":{"rendered":"<p>3D Printing What is 3D printing?3D printing is an innovative manufacturing technology that creates physical objects layer by layer from digital 3D models.Instead of traditional cutting or molding, a 3D printer \u201cbuilds\u201d the product by depositing material precisely where it\u2019s needed \u2014 producing complex shapes that are impossible to achieve with classic methods.It\u2019s perfect for [&hellip;]<\/p>","protected":false},"author":1,"featured_media":0,"parent":0,"menu_order":0,"comment_status":"closed","ping_status":"closed","template":"","meta":{"_sitemap_exclude":false,"_sitemap_priority":"","_sitemap_frequency":"","footnotes":""},"class_list":["post-9150","page","type-page","status-publish","hentry"],"yoast_head":"<!-- This site is optimized with the Yoast SEO plugin v27.0 - https:\/\/yoast.com\/product\/yoast-seo-wordpress\/ -->\n<title>3D Printing - 3DFactory.ee<\/title>\n<meta name=\"description\" content=\"Professionaalne 3D-printimine PLA, ABS ja PETG materjalidest. Suured projektid kuni 1 m ja s\u00fcsinikkiu lisanditega tr\u00fckkimine.\" \/>\n<meta name=\"robots\" content=\"index, follow, max-snippet:-1, max-image-preview:large, max-video-preview:-1\" \/>\n<link rel=\"canonical\" href=\"https:\/\/3dfactory.ee\/lv\/3d-printing\/\" \/>\n<meta property=\"og:locale\" content=\"lv_LV\" \/>\n<meta property=\"og:type\" content=\"article\" \/>\n<meta property=\"og:title\" content=\"3D Printing - 3DFactory.ee\" \/>\n<meta property=\"og:description\" content=\"Professionaalne 3D-printimine PLA, ABS ja PETG materjalidest. Suured projektid kuni 1 m ja s\u00fcsinikkiu lisanditega tr\u00fckkimine.\" \/>\n<meta property=\"og:url\" content=\"https:\/\/3dfactory.ee\/lv\/3d-printing\/\" \/>\n<meta property=\"og:site_name\" content=\"3DFactory.ee\" \/>\n<meta property=\"article:publisher\" content=\"https:\/\/www.facebook.com\/3dfactorybaltic\" \/>\n<meta property=\"article:modified_time\" content=\"2026-02-27T08:23:18+00:00\" \/>\n<meta property=\"og:image\" content=\"https:\/\/3dfactory.ee\/wp-content\/uploads\/2025\/12\/large-print-tallinnas.jpg\" \/>\n\t<meta property=\"og:image:width\" content=\"500\" \/>\n\t<meta property=\"og:image:height\" content=\"375\" \/>\n\t<meta property=\"og:image:type\" content=\"image\/jpeg\" \/>\n<meta name=\"twitter:card\" content=\"summary_large_image\" \/>\n<meta name=\"twitter:label1\" content=\"Est. reading time\" \/>\n\t<meta name=\"twitter:data1\" content=\"2 min\u016btes\" \/>\n<script type=\"application\/ld+json\" class=\"yoast-schema-graph\">{\"@context\":\"https:\/\/schema.org\",\"@graph\":[{\"@type\":\"WebPage\",\"@id\":\"https:\/\/3dfactory.ee\/3d-printing\/\",\"url\":\"https:\/\/3dfactory.ee\/3d-printing\/\",\"name\":\"3D Printing - 3DFactory.ee\",\"isPartOf\":{\"@id\":\"https:\/\/3dfactory.ee\/#website\"},\"primaryImageOfPage\":{\"@id\":\"https:\/\/3dfactory.ee\/3d-printing\/#primaryimage\"},\"image\":{\"@id\":\"https:\/\/3dfactory.ee\/3d-printing\/#primaryimage\"},\"thumbnailUrl\":\"https:\/\/3dfactory.ee\/wp-content\/uploads\/2025\/12\/large-print-tallinnas.jpg\",\"datePublished\":\"2025-10-10T18:10:54+00:00\",\"dateModified\":\"2026-02-27T08:23:18+00:00\",\"description\":\"Professionaalne 3D-printimine PLA, ABS ja PETG materjalidest. Suured projektid kuni 1 m ja s\u00fcsinikkiu lisanditega tr\u00fckkimine.\",\"breadcrumb\":{\"@id\":\"https:\/\/3dfactory.ee\/3d-printing\/#breadcrumb\"},\"inLanguage\":\"lv-LV\",\"potentialAction\":[{\"@type\":\"ReadAction\",\"target\":[\"https:\/\/3dfactory.ee\/3d-printing\/\"]}]},{\"@type\":\"ImageObject\",\"inLanguage\":\"lv-LV\",\"@id\":\"https:\/\/3dfactory.ee\/3d-printing\/#primaryimage\",\"url\":\"https:\/\/3dfactory.ee\/wp-content\/uploads\/2025\/12\/large-print-tallinnas.jpg\",\"contentUrl\":\"https:\/\/3dfactory.ee\/wp-content\/uploads\/2025\/12\/large-print-tallinnas.jpg\"},{\"@type\":\"BreadcrumbList\",\"@id\":\"https:\/\/3dfactory.ee\/3d-printing\/#breadcrumb\",\"itemListElement\":[{\"@type\":\"ListItem\",\"position\":1,\"name\":\"Home\",\"item\":\"https:\/\/3dfactory.ee\/\"},{\"@type\":\"ListItem\",\"position\":2,\"name\":\"3D Printing\"}]},{\"@type\":\"WebSite\",\"@id\":\"https:\/\/3dfactory.ee\/#website\",\"url\":\"https:\/\/3dfactory.ee\/\",\"name\":\"3DFactory.ee\",\"description\":\"3D Printing and 3D Modeling\",\"publisher\":{\"@id\":\"https:\/\/3dfactory.ee\/#organization\"},\"potentialAction\":[{\"@type\":\"SearchAction\",\"target\":{\"@type\":\"EntryPoint\",\"urlTemplate\":\"https:\/\/3dfactory.ee\/?s={search_term_string}\"},\"query-input\":{\"@type\":\"PropertyValueSpecification\",\"valueRequired\":true,\"valueName\":\"search_term_string\"}}],\"inLanguage\":\"lv-LV\"},{\"@type\":\"Organization\",\"@id\":\"https:\/\/3dfactory.ee\/#organization\",\"name\":\"3DFactory.ee\",\"url\":\"https:\/\/3dfactory.ee\/\",\"logo\":{\"@type\":\"ImageObject\",\"inLanguage\":\"lv-LV\",\"@id\":\"https:\/\/3dfactory.ee\/#\/schema\/logo\/image\/\",\"url\":\"https:\/\/3dfactory.ee\/wp-content\/uploads\/2024\/12\/3dfacory.png\",\"contentUrl\":\"https:\/\/3dfactory.ee\/wp-content\/uploads\/2024\/12\/3dfacory.png\",\"width\":496,\"height\":150,\"caption\":\"3DFactory.ee\"},\"image\":{\"@id\":\"https:\/\/3dfactory.ee\/#\/schema\/logo\/image\/\"},\"sameAs\":[\"https:\/\/www.facebook.com\/3dfactorybaltic\",\"https:\/\/www.instagram.com\/3dfactorybaltic\"]}]}<\/script>\n<!-- \/ Yoast SEO plugin. -->","yoast_head_json":{"title":"3D Printing - 3DFactory.ee","description":"Professionaalne 3D-printimine PLA, ABS ja PETG materjalidest. Suured projektid kuni 1 m ja s\u00fcsinikkiu lisanditega tr\u00fckkimine.","robots":{"index":"index","follow":"follow","max-snippet":"max-snippet:-1","max-image-preview":"max-image-preview:large","max-video-preview":"max-video-preview:-1"},"canonical":"https:\/\/3dfactory.ee\/lv\/3d-printing\/","og_locale":"lv_LV","og_type":"article","og_title":"3D Printing - 3DFactory.ee","og_description":"Professionaalne 3D-printimine PLA, ABS ja PETG materjalidest. Suured projektid kuni 1 m ja s\u00fcsinikkiu lisanditega tr\u00fckkimine.","og_url":"https:\/\/3dfactory.ee\/lv\/3d-printing\/","og_site_name":"3DFactory.ee","article_publisher":"https:\/\/www.facebook.com\/3dfactorybaltic","article_modified_time":"2026-02-27T08:23:18+00:00","og_image":[{"width":500,"height":375,"url":"https:\/\/3dfactory.ee\/wp-content\/uploads\/2025\/12\/large-print-tallinnas.jpg","type":"image\/jpeg"}],"twitter_card":"summary_large_image","twitter_misc":{"Est. reading time":"2 min\u016btes"},"schema":{"@context":"https:\/\/schema.org","@graph":[{"@type":"WebPage","@id":"https:\/\/3dfactory.ee\/3d-printing\/","url":"https:\/\/3dfactory.ee\/3d-printing\/","name":"3D Printing - 3DFactory.ee","isPartOf":{"@id":"https:\/\/3dfactory.ee\/#website"},"primaryImageOfPage":{"@id":"https:\/\/3dfactory.ee\/3d-printing\/#primaryimage"},"image":{"@id":"https:\/\/3dfactory.ee\/3d-printing\/#primaryimage"},"thumbnailUrl":"https:\/\/3dfactory.ee\/wp-content\/uploads\/2025\/12\/large-print-tallinnas.jpg","datePublished":"2025-10-10T18:10:54+00:00","dateModified":"2026-02-27T08:23:18+00:00","description":"Professionaalne 3D-printimine PLA, ABS ja PETG materjalidest. Suured projektid kuni 1 m ja s\u00fcsinikkiu lisanditega tr\u00fckkimine.","breadcrumb":{"@id":"https:\/\/3dfactory.ee\/3d-printing\/#breadcrumb"},"inLanguage":"lv-LV","potentialAction":[{"@type":"ReadAction","target":["https:\/\/3dfactory.ee\/3d-printing\/"]}]},{"@type":"ImageObject","inLanguage":"lv-LV","@id":"https:\/\/3dfactory.ee\/3d-printing\/#primaryimage","url":"https:\/\/3dfactory.ee\/wp-content\/uploads\/2025\/12\/large-print-tallinnas.jpg","contentUrl":"https:\/\/3dfactory.ee\/wp-content\/uploads\/2025\/12\/large-print-tallinnas.jpg"},{"@type":"BreadcrumbList","@id":"https:\/\/3dfactory.ee\/3d-printing\/#breadcrumb","itemListElement":[{"@type":"ListItem","position":1,"name":"Home","item":"https:\/\/3dfactory.ee\/"},{"@type":"ListItem","position":2,"name":"3D Printing"}]},{"@type":"WebSite","@id":"https:\/\/3dfactory.ee\/#website","url":"https:\/\/3dfactory.ee\/","name":"3DFactory.ee","description":"3D Printing and 3D Modeling","publisher":{"@id":"https:\/\/3dfactory.ee\/#organization"},"potentialAction":[{"@type":"SearchAction","target":{"@type":"EntryPoint","urlTemplate":"https:\/\/3dfactory.ee\/?s={search_term_string}"},"query-input":{"@type":"PropertyValueSpecification","valueRequired":true,"valueName":"search_term_string"}}],"inLanguage":"lv-LV"},{"@type":"Organization","@id":"https:\/\/3dfactory.ee\/#organization","name":"3DFactory.ee","url":"https:\/\/3dfactory.ee\/","logo":{"@type":"ImageObject","inLanguage":"lv-LV","@id":"https:\/\/3dfactory.ee\/#\/schema\/logo\/image\/","url":"https:\/\/3dfactory.ee\/wp-content\/uploads\/2024\/12\/3dfacory.png","contentUrl":"https:\/\/3dfactory.ee\/wp-content\/uploads\/2024\/12\/3dfacory.png","width":496,"height":150,"caption":"3DFactory.ee"},"image":{"@id":"https:\/\/3dfactory.ee\/#\/schema\/logo\/image\/"},"sameAs":["https:\/\/www.facebook.com\/3dfactorybaltic","https:\/\/www.instagram.com\/3dfactorybaltic"]}]}},"_links":{"self":[{"href":"https:\/\/3dfactory.ee\/lv\/wp-json\/wp\/v2\/pages\/9150","targetHints":{"allow":["GET"]}}],"collection":[{"href":"https:\/\/3dfactory.ee\/lv\/wp-json\/wp\/v2\/pages"}],"about":[{"href":"https:\/\/3dfactory.ee\/lv\/wp-json\/wp\/v2\/types\/page"}],"author":[{"embeddable":true,"href":"https:\/\/3dfactory.ee\/lv\/wp-json\/wp\/v2\/users\/1"}],"replies":[{"embeddable":true,"href":"https:\/\/3dfactory.ee\/lv\/wp-json\/wp\/v2\/comments?post=9150"}],"version-history":[{"count":15,"href":"https:\/\/3dfactory.ee\/lv\/wp-json\/wp\/v2\/pages\/9150\/revisions"}],"predecessor-version":[{"id":10098,"href":"https:\/\/3dfactory.ee\/lv\/wp-json\/wp\/v2\/pages\/9150\/revisions\/10098"}],"wp:attachment":[{"href":"https:\/\/3dfactory.ee\/lv\/wp-json\/wp\/v2\/media?parent=9150"}],"curies":[{"name":"wp","href":"https:\/\/api.w.org\/{rel}","templated":true}]}}