{"id":9220,"date":"2025-11-06T12:07:22","date_gmt":"2025-11-06T09:07:22","guid":{"rendered":"https:\/\/3dfactory.ee\/?page_id=9220"},"modified":"2025-11-06T12:07:22","modified_gmt":"2025-11-06T09:07:22","slug":"filaments","status":"publish","type":"page","link":"https:\/\/3dfactory.ee\/lv\/filaments\/","title":{"rendered":"3D drukas materi\u0101lu izv\u0113le"},"content":{"rendered":"<p>Pareiza materi\u0101la izv\u0113le ir kvalitat\u012bva un ilgm\u016b\u017e\u012bga rezult\u0101ta pamat\u0101.<br \/>\n3DFACTORY.EE izmanto tikai p\u0101rbaud\u012btus un modernus materi\u0101lus, kas piem\u0113roti da\u017e\u0101diem izstr\u0101d\u0101jumiem un lieto\u0161anas apst\u0101k\u013ciem.<\/p>\n<p>\ud83d\udfe2 PLA (Polipiensk\u0101be)<\/p>\n<p>M\u0113s ieteicam PLA liel\u0101kajai da\u013cai izstr\u0101d\u0101jumu, jo tas ir ekolo\u0123isks, prec\u012bzs un stabils materi\u0101ls.<br \/>\nIde\u0101li piem\u0113rots dekorat\u012bviem elementiem, prototipiem un dizaina objektiem,<br \/>\nkur nav nepiecie\u0161ama augsta karstumiztur\u012bba.<\/p>\n<p>Priek\u0161roc\u012bbas:<\/p>\n<p>Gluda virsma un augsta precizit\u0101te<\/p>\n<p>Videi draudz\u012bgs (biolo\u0123iski no\u0101rd\u0101ms)<\/p>\n<p>Pla\u0161a kr\u0101su izv\u0113le<\/p>\n<p>Pla\u0161s kr\u0101su kl\u0101sts<\/p>\n<p>\ud83d\udd35 ABS (Akrilonitrilbutadi\u0113nstir\u0113ns)<\/p>\n<p>ABS izmanto maz\u0101kiem izstr\u0101d\u0101jumiem, kam nepiecie\u0161ama liel\u0101ka iztur\u012bba un karstumiztur\u012bba.<br \/>\nTo bie\u017ei izmanto r\u016bpniec\u012bb\u0101 un elektronik\u0101.<br \/>\nMateri\u0101lu ir gr\u016bt\u0101k druk\u0101t, bet tas ir \u013coti iztur\u012bgs un stiprs.<\/p>\n<p>Priek\u0161roc\u012bbas:<\/p>\n<p>Augsta meh\u0101nisk\u0101 iztur\u012bba<\/p>\n<p>Iztur\u012bgs pret karstumu<\/p>\n<p>Piem\u0113rots funkcion\u0101l\u0101m deta\u013c\u0101m<\/p>\n<p>\ud83d\udfe3 PETG (Polietil\u0113ntereftal\u0101ta glikols)<\/p>\n<p>PETG ir vidusce\u013c\u0161 starp PLA un ABS.<br \/>\nM\u0113s to izmantojam maz\u0101kiem izstr\u0101d\u0101jumiem, kam vajadz\u012bga liel\u0101ka iztur\u012bba nek\u0101 PLA, k\u0101 ar\u012b situ\u0101cij\u0101s, kad nepiecie\u0161ama notur\u012bba pret mitrumu un temperat\u016bru.<br \/>\nPETG ir iztur\u012bgs, elast\u012bgs un stabils materi\u0101ls.<\/p>\n<p>Priek\u0161roc\u012bbas:<\/p>\n<p>Iztur\u012bg\u0101ks nek\u0101 PLA<\/p>\n<p>Mitruma un UV notur\u012bgs<\/p>\n<p>Elast\u012bgs un triecieniztur\u012bgs<\/p>\n<p>\u2728 Nezin\u0101t, kuru materi\u0101lu izv\u0113l\u0113ties?<br \/>\nM\u016bsu speci\u0101listi pal\u012bdz\u0113s atrast lab\u0101ko risin\u0101jumu j\u016bsu vajadz\u012bb\u0101m!<\/p>","protected":false},"excerpt":{"rendered":"<p>Choosing the right material is the key to quality, durability, and precision. At 3DFACTORY.EE, we use only reliable and modern materials suitable for different types of projects and operating conditions. \ud83d\udfe2 PLA (Polylactic Acid) We recommend PLA for most products, as it\u2019s an eco-friendly, precise, and stable material. PLA is perfect for decorative elements, prototypes, [&hellip;]<\/p>","protected":false},"author":1,"featured_media":0,"parent":0,"menu_order":0,"comment_status":"closed","ping_status":"closed","template":"","meta":{"_sitemap_exclude":false,"_sitemap_priority":"","_sitemap_frequency":"","footnotes":""},"class_list":["post-9220","page","type-page","status-publish","hentry"],"yoast_head":"<!-- This site is optimized with the Yoast SEO plugin v27.0 - https:\/\/yoast.com\/product\/yoast-seo-wordpress\/ -->\n<title>Choosing the Right Material for 3D Printing - 3DFactory.ee<\/title>\n<meta name=\"description\" content=\"\u00d5ige materjal tagab parima 3D-tulemuse. 3DFACTORY.EE selgitab, millal kasutada PLA-d, ABS-i v\u00f5i PETG-d ning aitab valida vastupidava ja t\u00e4pse lahenduse.\" \/>\n<meta name=\"robots\" content=\"index, follow, max-snippet:-1, max-image-preview:large, max-video-preview:-1\" \/>\n<link rel=\"canonical\" href=\"https:\/\/3dfactory.ee\/lv\/filaments\/\" \/>\n<meta property=\"og:locale\" content=\"lv_LV\" \/>\n<meta property=\"og:type\" content=\"article\" \/>\n<meta property=\"og:title\" content=\"Choosing the Right Material for 3D Printing - 3DFactory.ee\" \/>\n<meta property=\"og:description\" content=\"\u00d5ige materjal tagab parima 3D-tulemuse. 3DFACTORY.EE selgitab, millal kasutada PLA-d, ABS-i v\u00f5i PETG-d ning aitab valida vastupidava ja t\u00e4pse lahenduse.\" \/>\n<meta property=\"og:url\" content=\"https:\/\/3dfactory.ee\/lv\/filaments\/\" \/>\n<meta property=\"og:site_name\" content=\"3DFactory.ee\" \/>\n<meta property=\"article:publisher\" content=\"https:\/\/www.facebook.com\/3dfactorybaltic\" \/>\n<meta property=\"og:image\" content=\"https:\/\/3dfactory.ee\/wp-content\/uploads\/2025\/10\/3dSEO.jpg\" \/>\n\t<meta property=\"og:image:width\" content=\"1200\" \/>\n\t<meta property=\"og:image:height\" content=\"675\" \/>\n\t<meta property=\"og:image:type\" content=\"image\/jpeg\" \/>\n<meta name=\"twitter:card\" content=\"summary_large_image\" \/>\n<meta name=\"twitter:label1\" content=\"Est. reading time\" \/>\n\t<meta name=\"twitter:data1\" content=\"2 min\u016btes\" \/>\n<script type=\"application\/ld+json\" class=\"yoast-schema-graph\">{\"@context\":\"https:\/\/schema.org\",\"@graph\":[{\"@type\":\"WebPage\",\"@id\":\"https:\/\/3dfactory.ee\/filaments\/\",\"url\":\"https:\/\/3dfactory.ee\/filaments\/\",\"name\":\"Choosing the Right Material for 3D Printing - 3DFactory.ee\",\"isPartOf\":{\"@id\":\"https:\/\/3dfactory.ee\/#website\"},\"datePublished\":\"2025-11-06T09:07:22+00:00\",\"description\":\"\u00d5ige materjal tagab parima 3D-tulemuse. 3DFACTORY.EE selgitab, millal kasutada PLA-d, ABS-i v\u00f5i PETG-d ning aitab valida vastupidava ja t\u00e4pse lahenduse.\",\"breadcrumb\":{\"@id\":\"https:\/\/3dfactory.ee\/filaments\/#breadcrumb\"},\"inLanguage\":\"lv-LV\",\"potentialAction\":[{\"@type\":\"ReadAction\",\"target\":[\"https:\/\/3dfactory.ee\/filaments\/\"]}]},{\"@type\":\"BreadcrumbList\",\"@id\":\"https:\/\/3dfactory.ee\/filaments\/#breadcrumb\",\"itemListElement\":[{\"@type\":\"ListItem\",\"position\":1,\"name\":\"Home\",\"item\":\"https:\/\/3dfactory.ee\/\"},{\"@type\":\"ListItem\",\"position\":2,\"name\":\"Choosing the Right Material for 3D Printing\"}]},{\"@type\":\"WebSite\",\"@id\":\"https:\/\/3dfactory.ee\/#website\",\"url\":\"https:\/\/3dfactory.ee\/\",\"name\":\"3DFactory.ee\",\"description\":\"3D Printing and 3D Modeling\",\"publisher\":{\"@id\":\"https:\/\/3dfactory.ee\/#organization\"},\"potentialAction\":[{\"@type\":\"SearchAction\",\"target\":{\"@type\":\"EntryPoint\",\"urlTemplate\":\"https:\/\/3dfactory.ee\/?s={search_term_string}\"},\"query-input\":{\"@type\":\"PropertyValueSpecification\",\"valueRequired\":true,\"valueName\":\"search_term_string\"}}],\"inLanguage\":\"lv-LV\"},{\"@type\":\"Organization\",\"@id\":\"https:\/\/3dfactory.ee\/#organization\",\"name\":\"3DFactory.ee\",\"url\":\"https:\/\/3dfactory.ee\/\",\"logo\":{\"@type\":\"ImageObject\",\"inLanguage\":\"lv-LV\",\"@id\":\"https:\/\/3dfactory.ee\/#\/schema\/logo\/image\/\",\"url\":\"https:\/\/3dfactory.ee\/wp-content\/uploads\/2024\/12\/3dfacory.png\",\"contentUrl\":\"https:\/\/3dfactory.ee\/wp-content\/uploads\/2024\/12\/3dfacory.png\",\"width\":496,\"height\":150,\"caption\":\"3DFactory.ee\"},\"image\":{\"@id\":\"https:\/\/3dfactory.ee\/#\/schema\/logo\/image\/\"},\"sameAs\":[\"https:\/\/www.facebook.com\/3dfactorybaltic\",\"https:\/\/www.instagram.com\/3dfactorybaltic\"]}]}<\/script>\n<!-- \/ Yoast SEO plugin. -->","yoast_head_json":{"title":"Choosing the Right Material for 3D Printing - 3DFactory.ee","description":"\u00d5ige materjal tagab parima 3D-tulemuse. 3DFACTORY.EE selgitab, millal kasutada PLA-d, ABS-i v\u00f5i PETG-d ning aitab valida vastupidava ja t\u00e4pse lahenduse.","robots":{"index":"index","follow":"follow","max-snippet":"max-snippet:-1","max-image-preview":"max-image-preview:large","max-video-preview":"max-video-preview:-1"},"canonical":"https:\/\/3dfactory.ee\/lv\/filaments\/","og_locale":"lv_LV","og_type":"article","og_title":"Choosing the Right Material for 3D Printing - 3DFactory.ee","og_description":"\u00d5ige materjal tagab parima 3D-tulemuse. 3DFACTORY.EE selgitab, millal kasutada PLA-d, ABS-i v\u00f5i PETG-d ning aitab valida vastupidava ja t\u00e4pse lahenduse.","og_url":"https:\/\/3dfactory.ee\/lv\/filaments\/","og_site_name":"3DFactory.ee","article_publisher":"https:\/\/www.facebook.com\/3dfactorybaltic","og_image":[{"width":1200,"height":675,"url":"https:\/\/3dfactory.ee\/wp-content\/uploads\/2025\/10\/3dSEO.jpg","type":"image\/jpeg"}],"twitter_card":"summary_large_image","twitter_misc":{"Est. reading time":"2 min\u016btes"},"schema":{"@context":"https:\/\/schema.org","@graph":[{"@type":"WebPage","@id":"https:\/\/3dfactory.ee\/filaments\/","url":"https:\/\/3dfactory.ee\/filaments\/","name":"Choosing the Right Material for 3D Printing - 3DFactory.ee","isPartOf":{"@id":"https:\/\/3dfactory.ee\/#website"},"datePublished":"2025-11-06T09:07:22+00:00","description":"\u00d5ige materjal tagab parima 3D-tulemuse. 3DFACTORY.EE selgitab, millal kasutada PLA-d, ABS-i v\u00f5i PETG-d ning aitab valida vastupidava ja t\u00e4pse lahenduse.","breadcrumb":{"@id":"https:\/\/3dfactory.ee\/filaments\/#breadcrumb"},"inLanguage":"lv-LV","potentialAction":[{"@type":"ReadAction","target":["https:\/\/3dfactory.ee\/filaments\/"]}]},{"@type":"BreadcrumbList","@id":"https:\/\/3dfactory.ee\/filaments\/#breadcrumb","itemListElement":[{"@type":"ListItem","position":1,"name":"Home","item":"https:\/\/3dfactory.ee\/"},{"@type":"ListItem","position":2,"name":"Choosing the Right Material for 3D Printing"}]},{"@type":"WebSite","@id":"https:\/\/3dfactory.ee\/#website","url":"https:\/\/3dfactory.ee\/","name":"3DFactory.ee","description":"3D Printing and 3D Modeling","publisher":{"@id":"https:\/\/3dfactory.ee\/#organization"},"potentialAction":[{"@type":"SearchAction","target":{"@type":"EntryPoint","urlTemplate":"https:\/\/3dfactory.ee\/?s={search_term_string}"},"query-input":{"@type":"PropertyValueSpecification","valueRequired":true,"valueName":"search_term_string"}}],"inLanguage":"lv-LV"},{"@type":"Organization","@id":"https:\/\/3dfactory.ee\/#organization","name":"3DFactory.ee","url":"https:\/\/3dfactory.ee\/","logo":{"@type":"ImageObject","inLanguage":"lv-LV","@id":"https:\/\/3dfactory.ee\/#\/schema\/logo\/image\/","url":"https:\/\/3dfactory.ee\/wp-content\/uploads\/2024\/12\/3dfacory.png","contentUrl":"https:\/\/3dfactory.ee\/wp-content\/uploads\/2024\/12\/3dfacory.png","width":496,"height":150,"caption":"3DFactory.ee"},"image":{"@id":"https:\/\/3dfactory.ee\/#\/schema\/logo\/image\/"},"sameAs":["https:\/\/www.facebook.com\/3dfactorybaltic","https:\/\/www.instagram.com\/3dfactorybaltic"]}]}},"_links":{"self":[{"href":"https:\/\/3dfactory.ee\/lv\/wp-json\/wp\/v2\/pages\/9220","targetHints":{"allow":["GET"]}}],"collection":[{"href":"https:\/\/3dfactory.ee\/lv\/wp-json\/wp\/v2\/pages"}],"about":[{"href":"https:\/\/3dfactory.ee\/lv\/wp-json\/wp\/v2\/types\/page"}],"author":[{"embeddable":true,"href":"https:\/\/3dfactory.ee\/lv\/wp-json\/wp\/v2\/users\/1"}],"replies":[{"embeddable":true,"href":"https:\/\/3dfactory.ee\/lv\/wp-json\/wp\/v2\/comments?post=9220"}],"version-history":[{"count":1,"href":"https:\/\/3dfactory.ee\/lv\/wp-json\/wp\/v2\/pages\/9220\/revisions"}],"predecessor-version":[{"id":9221,"href":"https:\/\/3dfactory.ee\/lv\/wp-json\/wp\/v2\/pages\/9220\/revisions\/9221"}],"wp:attachment":[{"href":"https:\/\/3dfactory.ee\/lv\/wp-json\/wp\/v2\/media?parent=9220"}],"curies":[{"name":"wp","href":"https:\/\/api.w.org\/{rel}","templated":true}]}}