{"id":9465,"date":"2025-11-26T11:22:07","date_gmt":"2025-11-26T08:22:07","guid":{"rendered":"https:\/\/3dfactory.ee\/?page_id=9465"},"modified":"2026-03-30T08:59:17","modified_gmt":"2026-03-30T05:59:17","slug":"3d-scanning","status":"publish","type":"page","link":"https:\/\/3dfactory.ee\/lv\/3d-scanning\/","title":{"rendered":"3D Sken\u0113\u0161ana"},"content":{"rendered":"<p data-start=\"1777\" data-end=\"2466\">3D sken\u0113\u0161ana ir efekt\u012bvs veids, k\u0101 \u0101tri un prec\u012bzi p\u0101rv\u0113rst re\u0101lus objektus digit\u0101l\u0101 3D model\u012b. M\u016bsu sken\u0113\u0161anas sist\u0113ma nodro\u0161ina augstu detaliz\u0101ciju, prec\u012bzu \u0123eometriju un kvalitat\u012bvu virsmas inform\u0101ciju, \u013caujot sken\u0113t gan mazus elementus, gan liel\u0101kus priek\u0161metus. Ieg\u016btos 3D failus var izmantot druk\u0101\u0161anai, model\u0113\u0161anai, restaur\u0101cijai, prototipu izstr\u0101dei, vizualiz\u0101cijai vai tehniskai anal\u012bzei. Pakalpojums ir piem\u0113rots r\u016bpniec\u012bbai, dizainam, auto restaur\u0101cijai, m\u0101kslai, cilv\u0113ku sken\u0113\u0161anai un visiem projektiem, kuriem nepiecie\u0161ama prec\u012bza digit\u0101la kopija. 3DFactory.ee pied\u0101v\u0101 profesion\u0101lu 3D sken\u0113\u0161anu Igaunij\u0101 ar gataviem mode\u013ciem STL, OBJ un citos form\u0101tos.<\/p>\n<p data-start=\"1777\" data-end=\"2466\"><strong><a href=\"https:\/\/3dfactory.ee\/lv\/3d-skaneerimise-ja-3d-printimise-protsess\/\">3D sken\u0113\u0161anas un 3D drukas process<\/a><\/strong><\/p>\n<p data-start=\"1777\" data-end=\"2466\"><img fetchpriority=\"high\" decoding=\"async\" class=\"aligncenter size-large wp-image-10133\" src=\"https:\/\/3dfactory.ee\/wp-content\/uploads\/2026\/03\/scan-model-3dprint-3dfactory-1024x487.jpg\" alt=\"\" width=\"1024\" height=\"487\" srcset=\"https:\/\/3dfactory.ee\/wp-content\/uploads\/2026\/03\/scan-model-3dprint-3dfactory-1024x487.jpg 1024w, https:\/\/3dfactory.ee\/wp-content\/uploads\/2026\/03\/scan-model-3dprint-3dfactory-300x143.jpg 300w, https:\/\/3dfactory.ee\/wp-content\/uploads\/2026\/03\/scan-model-3dprint-3dfactory-768x366.jpg 768w, https:\/\/3dfactory.ee\/wp-content\/uploads\/2026\/03\/scan-model-3dprint-3dfactory-18x9.jpg 18w, https:\/\/3dfactory.ee\/wp-content\/uploads\/2026\/03\/scan-model-3dprint-3dfactory-600x286.jpg 600w, https:\/\/3dfactory.ee\/wp-content\/uploads\/2026\/03\/scan-model-3dprint-3dfactory.jpg 1500w\" sizes=\"(max-width: 1024px) 100vw, 1024px\" \/><\/p>\n<p data-start=\"1777\" data-end=\"2466\"><img decoding=\"async\" class=\"aligncenter size-large wp-image-10083\" src=\"https:\/\/3dfactory.ee\/wp-content\/uploads\/2026\/02\/work1-1024x709.jpg\" alt=\"\" width=\"1024\" height=\"709\" srcset=\"https:\/\/3dfactory.ee\/wp-content\/uploads\/2026\/02\/work1-1024x709.jpg 1024w, https:\/\/3dfactory.ee\/wp-content\/uploads\/2026\/02\/work1-300x208.jpg 300w, https:\/\/3dfactory.ee\/wp-content\/uploads\/2026\/02\/work1-768x532.jpg 768w, https:\/\/3dfactory.ee\/wp-content\/uploads\/2026\/02\/work1-18x12.jpg 18w, https:\/\/3dfactory.ee\/wp-content\/uploads\/2026\/02\/work1-600x416.jpg 600w, https:\/\/3dfactory.ee\/wp-content\/uploads\/2026\/02\/work1.jpg 1191w\" sizes=\"(max-width: 1024px) 100vw, 1024px\" \/><\/p>\n<p data-start=\"1777\" data-end=\"2466\"><img decoding=\"async\" class=\"aligncenter size-large wp-image-10082\" src=\"https:\/\/3dfactory.ee\/wp-content\/uploads\/2026\/02\/work2-1024x506.jpg\" alt=\"\" width=\"1024\" height=\"506\" srcset=\"https:\/\/3dfactory.ee\/wp-content\/uploads\/2026\/02\/work2-1024x506.jpg 1024w, https:\/\/3dfactory.ee\/wp-content\/uploads\/2026\/02\/work2-300x148.jpg 300w, https:\/\/3dfactory.ee\/wp-content\/uploads\/2026\/02\/work2-768x379.jpg 768w, https:\/\/3dfactory.ee\/wp-content\/uploads\/2026\/02\/work2-18x9.jpg 18w, https:\/\/3dfactory.ee\/wp-content\/uploads\/2026\/02\/work2-600x296.jpg 600w, https:\/\/3dfactory.ee\/wp-content\/uploads\/2026\/02\/work2.jpg 1185w\" sizes=\"(max-width: 1024px) 100vw, 1024px\" \/><\/p>\n<p data-start=\"1777\" data-end=\"2466\"><img loading=\"lazy\" decoding=\"async\" class=\"aligncenter size-large wp-image-9487\" src=\"https:\/\/3dfactory.ee\/wp-content\/uploads\/2025\/11\/3D-skaneerimine-Eestis-1024x683.jpg\" alt=\"\" width=\"1024\" height=\"683\" srcset=\"https:\/\/3dfactory.ee\/wp-content\/uploads\/2025\/11\/3D-skaneerimine-Eestis-1024x683.jpg 1024w, https:\/\/3dfactory.ee\/wp-content\/uploads\/2025\/11\/3D-skaneerimine-Eestis-300x200.jpg 300w, https:\/\/3dfactory.ee\/wp-content\/uploads\/2025\/11\/3D-skaneerimine-Eestis-768x512.jpg 768w, https:\/\/3dfactory.ee\/wp-content\/uploads\/2025\/11\/3D-skaneerimine-Eestis-18x12.jpg 18w, https:\/\/3dfactory.ee\/wp-content\/uploads\/2025\/11\/3D-skaneerimine-Eestis-600x400.jpg 600w, https:\/\/3dfactory.ee\/wp-content\/uploads\/2025\/11\/3D-skaneerimine-Eestis.jpg 1536w\" sizes=\"(max-width: 1024px) 100vw, 1024px\" \/><\/p>","protected":false},"excerpt":{"rendered":"<p>3D scanning is a powerful solution for converting real-world objects into accurate digital 3D models. Our scanning system captures fine details, precise geometry and clean surface data, making it suitable for both small components and medium-sized objects. The resulting 3D files can be used for printing, modeling, restoration, product development, visualization or engineering analysis. This [&hellip;]<\/p>","protected":false},"author":1,"featured_media":0,"parent":0,"menu_order":0,"comment_status":"closed","ping_status":"closed","template":"","meta":{"_sitemap_exclude":false,"_sitemap_priority":"","_sitemap_frequency":"","footnotes":""},"class_list":["post-9465","page","type-page","status-publish","hentry"],"yoast_head":"<!-- This site is optimized with the Yoast SEO plugin v27.0 - https:\/\/yoast.com\/product\/yoast-seo-wordpress\/ -->\n<title>3D Scanning - 3DFactory.ee<\/title>\n<meta name=\"description\" content=\"Professionaalne 3D skaneerimine Eestis. T\u00e4pne digitaalne j\u00e4\u00e4dvustamine, kvaliteetsed STL\/OBJ failid, sobib tootmiseks, modelleerimiseks ja protot\u00fc\u00fcpimiseks. Kiire teostus 3DFactory.ee.\" \/>\n<meta name=\"robots\" content=\"index, follow, max-snippet:-1, max-image-preview:large, max-video-preview:-1\" \/>\n<link rel=\"canonical\" href=\"https:\/\/3dfactory.ee\/lv\/3d-scanning\/\" \/>\n<meta property=\"og:locale\" content=\"lv_LV\" \/>\n<meta property=\"og:type\" content=\"article\" \/>\n<meta property=\"og:title\" content=\"3D Scanning - 3DFactory.ee\" \/>\n<meta property=\"og:description\" content=\"Professionaalne 3D skaneerimine Eestis. T\u00e4pne digitaalne j\u00e4\u00e4dvustamine, kvaliteetsed STL\/OBJ failid, sobib tootmiseks, modelleerimiseks ja protot\u00fc\u00fcpimiseks. Kiire teostus 3DFactory.ee.\" \/>\n<meta property=\"og:url\" content=\"https:\/\/3dfactory.ee\/lv\/3d-scanning\/\" \/>\n<meta property=\"og:site_name\" content=\"3DFactory.ee\" \/>\n<meta property=\"article:publisher\" content=\"https:\/\/www.facebook.com\/3dfactorybaltic\" \/>\n<meta property=\"article:modified_time\" content=\"2026-03-30T05:59:17+00:00\" \/>\n<meta property=\"og:image\" content=\"https:\/\/3dfactory.ee\/wp-content\/uploads\/2026\/03\/scan-model-3dprint-3dfactory.jpg\" \/>\n\t<meta property=\"og:image:width\" content=\"1500\" \/>\n\t<meta property=\"og:image:height\" content=\"714\" \/>\n\t<meta property=\"og:image:type\" content=\"image\/jpeg\" \/>\n<meta name=\"twitter:card\" content=\"summary_large_image\" \/>\n<meta name=\"twitter:label1\" content=\"Est. reading time\" \/>\n\t<meta name=\"twitter:data1\" content=\"2 min\u016btes\" \/>\n<script type=\"application\/ld+json\" class=\"yoast-schema-graph\">{\"@context\":\"https:\/\/schema.org\",\"@graph\":[{\"@type\":\"WebPage\",\"@id\":\"https:\/\/3dfactory.ee\/3d-scanning\/\",\"url\":\"https:\/\/3dfactory.ee\/3d-scanning\/\",\"name\":\"3D Scanning - 3DFactory.ee\",\"isPartOf\":{\"@id\":\"https:\/\/3dfactory.ee\/#website\"},\"primaryImageOfPage\":{\"@id\":\"https:\/\/3dfactory.ee\/3d-scanning\/#primaryimage\"},\"image\":{\"@id\":\"https:\/\/3dfactory.ee\/3d-scanning\/#primaryimage\"},\"thumbnailUrl\":\"https:\/\/3dfactory.ee\/wp-content\/uploads\/2026\/03\/scan-model-3dprint-3dfactory-1024x487.jpg\",\"datePublished\":\"2025-11-26T08:22:07+00:00\",\"dateModified\":\"2026-03-30T05:59:17+00:00\",\"description\":\"Professionaalne 3D skaneerimine Eestis. T\u00e4pne digitaalne j\u00e4\u00e4dvustamine, kvaliteetsed STL\/OBJ failid, sobib tootmiseks, modelleerimiseks ja protot\u00fc\u00fcpimiseks. Kiire teostus 3DFactory.ee.\",\"breadcrumb\":{\"@id\":\"https:\/\/3dfactory.ee\/3d-scanning\/#breadcrumb\"},\"inLanguage\":\"lv-LV\",\"potentialAction\":[{\"@type\":\"ReadAction\",\"target\":[\"https:\/\/3dfactory.ee\/3d-scanning\/\"]}]},{\"@type\":\"ImageObject\",\"inLanguage\":\"lv-LV\",\"@id\":\"https:\/\/3dfactory.ee\/3d-scanning\/#primaryimage\",\"url\":\"https:\/\/3dfactory.ee\/wp-content\/uploads\/2026\/03\/scan-model-3dprint-3dfactory-1024x487.jpg\",\"contentUrl\":\"https:\/\/3dfactory.ee\/wp-content\/uploads\/2026\/03\/scan-model-3dprint-3dfactory-1024x487.jpg\"},{\"@type\":\"BreadcrumbList\",\"@id\":\"https:\/\/3dfactory.ee\/3d-scanning\/#breadcrumb\",\"itemListElement\":[{\"@type\":\"ListItem\",\"position\":1,\"name\":\"Home\",\"item\":\"https:\/\/3dfactory.ee\/\"},{\"@type\":\"ListItem\",\"position\":2,\"name\":\"3D Scanning\"}]},{\"@type\":\"WebSite\",\"@id\":\"https:\/\/3dfactory.ee\/#website\",\"url\":\"https:\/\/3dfactory.ee\/\",\"name\":\"3DFactory.ee\",\"description\":\"3D Printing and 3D Modeling\",\"publisher\":{\"@id\":\"https:\/\/3dfactory.ee\/#organization\"},\"potentialAction\":[{\"@type\":\"SearchAction\",\"target\":{\"@type\":\"EntryPoint\",\"urlTemplate\":\"https:\/\/3dfactory.ee\/?s={search_term_string}\"},\"query-input\":{\"@type\":\"PropertyValueSpecification\",\"valueRequired\":true,\"valueName\":\"search_term_string\"}}],\"inLanguage\":\"lv-LV\"},{\"@type\":\"Organization\",\"@id\":\"https:\/\/3dfactory.ee\/#organization\",\"name\":\"3DFactory.ee\",\"url\":\"https:\/\/3dfactory.ee\/\",\"logo\":{\"@type\":\"ImageObject\",\"inLanguage\":\"lv-LV\",\"@id\":\"https:\/\/3dfactory.ee\/#\/schema\/logo\/image\/\",\"url\":\"https:\/\/3dfactory.ee\/wp-content\/uploads\/2024\/12\/3dfacory.png\",\"contentUrl\":\"https:\/\/3dfactory.ee\/wp-content\/uploads\/2024\/12\/3dfacory.png\",\"width\":496,\"height\":150,\"caption\":\"3DFactory.ee\"},\"image\":{\"@id\":\"https:\/\/3dfactory.ee\/#\/schema\/logo\/image\/\"},\"sameAs\":[\"https:\/\/www.facebook.com\/3dfactorybaltic\",\"https:\/\/www.instagram.com\/3dfactorybaltic\"]}]}<\/script>\n<!-- \/ Yoast SEO plugin. -->","yoast_head_json":{"title":"3D Scanning - 3DFactory.ee","description":"Professionaalne 3D skaneerimine Eestis. T\u00e4pne digitaalne j\u00e4\u00e4dvustamine, kvaliteetsed STL\/OBJ failid, sobib tootmiseks, modelleerimiseks ja protot\u00fc\u00fcpimiseks. Kiire teostus 3DFactory.ee.","robots":{"index":"index","follow":"follow","max-snippet":"max-snippet:-1","max-image-preview":"max-image-preview:large","max-video-preview":"max-video-preview:-1"},"canonical":"https:\/\/3dfactory.ee\/lv\/3d-scanning\/","og_locale":"lv_LV","og_type":"article","og_title":"3D Scanning - 3DFactory.ee","og_description":"Professionaalne 3D skaneerimine Eestis. T\u00e4pne digitaalne j\u00e4\u00e4dvustamine, kvaliteetsed STL\/OBJ failid, sobib tootmiseks, modelleerimiseks ja protot\u00fc\u00fcpimiseks. Kiire teostus 3DFactory.ee.","og_url":"https:\/\/3dfactory.ee\/lv\/3d-scanning\/","og_site_name":"3DFactory.ee","article_publisher":"https:\/\/www.facebook.com\/3dfactorybaltic","article_modified_time":"2026-03-30T05:59:17+00:00","og_image":[{"width":1500,"height":714,"url":"https:\/\/3dfactory.ee\/wp-content\/uploads\/2026\/03\/scan-model-3dprint-3dfactory.jpg","type":"image\/jpeg"}],"twitter_card":"summary_large_image","twitter_misc":{"Est. reading time":"2 min\u016btes"},"schema":{"@context":"https:\/\/schema.org","@graph":[{"@type":"WebPage","@id":"https:\/\/3dfactory.ee\/3d-scanning\/","url":"https:\/\/3dfactory.ee\/3d-scanning\/","name":"3D Scanning - 3DFactory.ee","isPartOf":{"@id":"https:\/\/3dfactory.ee\/#website"},"primaryImageOfPage":{"@id":"https:\/\/3dfactory.ee\/3d-scanning\/#primaryimage"},"image":{"@id":"https:\/\/3dfactory.ee\/3d-scanning\/#primaryimage"},"thumbnailUrl":"https:\/\/3dfactory.ee\/wp-content\/uploads\/2026\/03\/scan-model-3dprint-3dfactory-1024x487.jpg","datePublished":"2025-11-26T08:22:07+00:00","dateModified":"2026-03-30T05:59:17+00:00","description":"Professionaalne 3D skaneerimine Eestis. T\u00e4pne digitaalne j\u00e4\u00e4dvustamine, kvaliteetsed STL\/OBJ failid, sobib tootmiseks, modelleerimiseks ja protot\u00fc\u00fcpimiseks. Kiire teostus 3DFactory.ee.","breadcrumb":{"@id":"https:\/\/3dfactory.ee\/3d-scanning\/#breadcrumb"},"inLanguage":"lv-LV","potentialAction":[{"@type":"ReadAction","target":["https:\/\/3dfactory.ee\/3d-scanning\/"]}]},{"@type":"ImageObject","inLanguage":"lv-LV","@id":"https:\/\/3dfactory.ee\/3d-scanning\/#primaryimage","url":"https:\/\/3dfactory.ee\/wp-content\/uploads\/2026\/03\/scan-model-3dprint-3dfactory-1024x487.jpg","contentUrl":"https:\/\/3dfactory.ee\/wp-content\/uploads\/2026\/03\/scan-model-3dprint-3dfactory-1024x487.jpg"},{"@type":"BreadcrumbList","@id":"https:\/\/3dfactory.ee\/3d-scanning\/#breadcrumb","itemListElement":[{"@type":"ListItem","position":1,"name":"Home","item":"https:\/\/3dfactory.ee\/"},{"@type":"ListItem","position":2,"name":"3D Scanning"}]},{"@type":"WebSite","@id":"https:\/\/3dfactory.ee\/#website","url":"https:\/\/3dfactory.ee\/","name":"3DFactory.ee","description":"3D Printing and 3D Modeling","publisher":{"@id":"https:\/\/3dfactory.ee\/#organization"},"potentialAction":[{"@type":"SearchAction","target":{"@type":"EntryPoint","urlTemplate":"https:\/\/3dfactory.ee\/?s={search_term_string}"},"query-input":{"@type":"PropertyValueSpecification","valueRequired":true,"valueName":"search_term_string"}}],"inLanguage":"lv-LV"},{"@type":"Organization","@id":"https:\/\/3dfactory.ee\/#organization","name":"3DFactory.ee","url":"https:\/\/3dfactory.ee\/","logo":{"@type":"ImageObject","inLanguage":"lv-LV","@id":"https:\/\/3dfactory.ee\/#\/schema\/logo\/image\/","url":"https:\/\/3dfactory.ee\/wp-content\/uploads\/2024\/12\/3dfacory.png","contentUrl":"https:\/\/3dfactory.ee\/wp-content\/uploads\/2024\/12\/3dfacory.png","width":496,"height":150,"caption":"3DFactory.ee"},"image":{"@id":"https:\/\/3dfactory.ee\/#\/schema\/logo\/image\/"},"sameAs":["https:\/\/www.facebook.com\/3dfactorybaltic","https:\/\/www.instagram.com\/3dfactorybaltic"]}]}},"_links":{"self":[{"href":"https:\/\/3dfactory.ee\/lv\/wp-json\/wp\/v2\/pages\/9465","targetHints":{"allow":["GET"]}}],"collection":[{"href":"https:\/\/3dfactory.ee\/lv\/wp-json\/wp\/v2\/pages"}],"about":[{"href":"https:\/\/3dfactory.ee\/lv\/wp-json\/wp\/v2\/types\/page"}],"author":[{"embeddable":true,"href":"https:\/\/3dfactory.ee\/lv\/wp-json\/wp\/v2\/users\/1"}],"replies":[{"embeddable":true,"href":"https:\/\/3dfactory.ee\/lv\/wp-json\/wp\/v2\/comments?post=9465"}],"version-history":[{"count":5,"href":"https:\/\/3dfactory.ee\/lv\/wp-json\/wp\/v2\/pages\/9465\/revisions"}],"predecessor-version":[{"id":10134,"href":"https:\/\/3dfactory.ee\/lv\/wp-json\/wp\/v2\/pages\/9465\/revisions\/10134"}],"wp:attachment":[{"href":"https:\/\/3dfactory.ee\/lv\/wp-json\/wp\/v2\/media?parent=9465"}],"curies":[{"name":"wp","href":"https:\/\/api.w.org\/{rel}","templated":true}]}}