{"id":9495,"date":"2025-11-27T11:04:48","date_gmt":"2025-11-27T08:04:48","guid":{"rendered":"https:\/\/3dfactory.ee\/?page_id=9495"},"modified":"2025-12-22T10:05:41","modified_gmt":"2025-12-22T07:05:41","slug":"delivery","status":"publish","type":"page","link":"https:\/\/3dfactory.ee\/lv\/delivery\/","title":{"rendered":"Pieg\u0101de"},"content":{"rendered":"<p>M\u0113s nodro\u0161in\u0101m \u0113rtu un \u0101tru m\u016bsu izstr\u0101d\u0101jumu pieg\u0101di klientiem. Mazus un vid\u0113ja izm\u0113ra mode\u013cus nos\u016bt\u0101m uz pakom\u0101tiem. Parasti izmantojam DPD, ta\u010du p\u0113c v\u0113l\u0113\u0161an\u0101s varam s\u016bt\u012bt ar\u012b ar SmartPost vai Omniva. S\u016bt\u0101m pa visu Baltiju, r\u016bp\u0113joties par dro\u0161u un kvalitat\u012bvu iepako\u0161anu.\nLiel\u0101kus izstr\u0101d\u0101jumus, kas neietilpst pakom\u0101t\u0101, var sa\u0146emt m\u016bsu Tallinas ra\u017eotn\u0113 p\u0113c iepriek\u0161\u0113jas vieno\u0161an\u0101s vai pas\u016bt\u012bt kurjerpieg\u0101di. M\u0113s vienm\u0113r pal\u012bdz\u0113sim izv\u0113l\u0113ties \u0113rt\u0101ko risin\u0101jumu.<\/p>\n<p><strong data-start=\"2374\" data-end=\"2392\">Pieg\u0101des cenas (3D Print)<\/strong><br data-start=\"2392\" data-end=\"2395\" \/>\u2022 Igaunij\u0101 \u2014 bez maksas pas\u016bt\u012bjumiem virs 15 \u20ac<br data-start=\"2438\" data-end=\"2441\" \/>\u2022 L\u012bdz 15 \u20ac \u2014 pieg\u0101de 2.95 \u20ac<br data-start=\"2469\" data-end=\"2472\" \/>\u2022 Baltij\u0101 uz pakom\u0101tu \u2014 5.5 \u20ac<br data-start=\"2508\" data-end=\"2511\" \/>\u2022 Kurjerpieg\u0101de \u2014 p\u0113c vieno\u0161an\u0101s<\/p>\n<p data-start=\"0\" data-end=\"55\"><strong data-start=\"0\" data-end=\"55\">3DFactory veikala pas\u016bt\u012bjumu pieg\u0101des cenas:<\/strong><\/p>\n<ul data-start=\"57\" data-end=\"94\">\n<li data-start=\"57\" data-end=\"94\">\n<p data-start=\"59\" data-end=\"94\"><strong data-start=\"59\" data-end=\"82\">SmartPost (Estonia)<\/strong> \u2013 <strong data-start=\"85\" data-end=\"94\">\u20ac3.50<\/strong><\/p>\n<\/li>\n<\/ul>\n<p data-start=\"96\" data-end=\"268\" data-is-last-node=\"\" data-is-only-node=\"\"><strong data-start=\"96\" data-end=\"114\">Nos\u016bt\u012b\u0161anas laiks:<\/strong><br data-start=\"114\" data-end=\"117\" \/>Preces, kas ir noliktav\u0101, tiek nos\u016bt\u012btas <strong data-start=\"160\" data-end=\"185\" data-is-only-node=\"\">l\u012bdz 2 darba dienu laik\u0101.<\/strong>.<br data-start=\"186\" data-end=\"189\" \/>Ja pas\u016bt\u012bjums veikts <strong data-start=\"212\" data-end=\"227\">l\u012bdz pusdienlaikam<\/strong>, tas parasti tiek nos\u016bt\u012bts <strong data-start=\"251\" data-end=\"267\">taj\u0101 pa\u0161\u0101 dien\u0101.<\/strong>.<\/p>\n<p><img fetchpriority=\"high\" decoding=\"async\" class=\"aligncenter size-large wp-image-9496\" src=\"https:\/\/3dfactory.ee\/wp-content\/uploads\/2025\/11\/3D-printimise-kohaletoimetamine-1024x683.png\" alt=\"\" width=\"1024\" height=\"683\" srcset=\"https:\/\/3dfactory.ee\/wp-content\/uploads\/2025\/11\/3D-printimise-kohaletoimetamine-1024x683.png 1024w, https:\/\/3dfactory.ee\/wp-content\/uploads\/2025\/11\/3D-printimise-kohaletoimetamine-300x200.png 300w, https:\/\/3dfactory.ee\/wp-content\/uploads\/2025\/11\/3D-printimise-kohaletoimetamine-768x512.png 768w, https:\/\/3dfactory.ee\/wp-content\/uploads\/2025\/11\/3D-printimise-kohaletoimetamine-18x12.png 18w, https:\/\/3dfactory.ee\/wp-content\/uploads\/2025\/11\/3D-printimise-kohaletoimetamine-600x400.png 600w, https:\/\/3dfactory.ee\/wp-content\/uploads\/2025\/11\/3D-printimise-kohaletoimetamine.png 1536w\" sizes=\"(max-width: 1024px) 100vw, 1024px\" \/><\/p>","protected":false},"excerpt":{"rendered":"<p>We ensure that all orders are delivered quickly and conveniently. Small and medium-sized items are shipped through parcel lockers. We primarily use DPD, but deliveries can also be sent via SmartPost or Omniva upon request. We ship throughout the Baltic region and carefully package every item to ensure safe arrival. Large items that do not [&hellip;]<\/p>","protected":false},"author":1,"featured_media":0,"parent":0,"menu_order":0,"comment_status":"closed","ping_status":"closed","template":"","meta":{"_sitemap_exclude":false,"_sitemap_priority":"","_sitemap_frequency":"","footnotes":""},"class_list":["post-9495","page","type-page","status-publish","hentry"],"yoast_head":"<!-- This site is optimized with the Yoast SEO plugin v27.0 - https:\/\/yoast.com\/product\/yoast-seo-wordpress\/ -->\n<title>Delivery - 3DFactory.ee<\/title>\n<meta name=\"description\" content=\"Meie toodete kohaletoimetamine on korraldatud nii, et klient saaks tellimuse mugavalt ja kiiresti k\u00e4tte. V\u00e4ikese ja keskmise suurusega detailid saadame pakiautomaatidesse. Tavaliselt kasutame DPD automaate, kuid soovi korral on v\u00f5imalik saata ka SmartPosti v\u00f5i Omniva kaudu.\" \/>\n<meta name=\"robots\" content=\"index, follow, max-snippet:-1, max-image-preview:large, max-video-preview:-1\" \/>\n<link rel=\"canonical\" href=\"https:\/\/3dfactory.ee\/lv\/delivery\/\" \/>\n<meta property=\"og:locale\" content=\"lv_LV\" \/>\n<meta property=\"og:type\" content=\"article\" \/>\n<meta property=\"og:title\" content=\"Delivery - 3DFactory.ee\" \/>\n<meta property=\"og:description\" content=\"Meie toodete kohaletoimetamine on korraldatud nii, et klient saaks tellimuse mugavalt ja kiiresti k\u00e4tte. V\u00e4ikese ja keskmise suurusega detailid saadame pakiautomaatidesse. Tavaliselt kasutame DPD automaate, kuid soovi korral on v\u00f5imalik saata ka SmartPosti v\u00f5i Omniva kaudu.\" \/>\n<meta property=\"og:url\" content=\"https:\/\/3dfactory.ee\/lv\/delivery\/\" \/>\n<meta property=\"og:site_name\" content=\"3DFactory.ee\" \/>\n<meta property=\"article:publisher\" content=\"https:\/\/www.facebook.com\/3dfactorybaltic\" \/>\n<meta property=\"article:modified_time\" content=\"2025-12-22T07:05:41+00:00\" \/>\n<meta property=\"og:image\" content=\"https:\/\/3dfactory.ee\/wp-content\/uploads\/2025\/11\/3D-printimise-kohaletoimetamine-1024x683.png\" \/>\n\t<meta property=\"og:image:width\" content=\"1024\" \/>\n\t<meta property=\"og:image:height\" content=\"683\" \/>\n\t<meta property=\"og:image:type\" content=\"image\/png\" \/>\n<meta name=\"twitter:card\" content=\"summary_large_image\" \/>\n<meta name=\"twitter:label1\" content=\"Est. reading time\" \/>\n\t<meta name=\"twitter:data1\" content=\"1 min\u016bte\" \/>\n<script type=\"application\/ld+json\" class=\"yoast-schema-graph\">{\"@context\":\"https:\/\/schema.org\",\"@graph\":[{\"@type\":\"WebPage\",\"@id\":\"https:\/\/3dfactory.ee\/delivery\/\",\"url\":\"https:\/\/3dfactory.ee\/delivery\/\",\"name\":\"Delivery - 3DFactory.ee\",\"isPartOf\":{\"@id\":\"https:\/\/3dfactory.ee\/#website\"},\"primaryImageOfPage\":{\"@id\":\"https:\/\/3dfactory.ee\/delivery\/#primaryimage\"},\"image\":{\"@id\":\"https:\/\/3dfactory.ee\/delivery\/#primaryimage\"},\"thumbnailUrl\":\"https:\/\/3dfactory.ee\/wp-content\/uploads\/2025\/11\/3D-printimise-kohaletoimetamine-1024x683.png\",\"datePublished\":\"2025-11-27T08:04:48+00:00\",\"dateModified\":\"2025-12-22T07:05:41+00:00\",\"description\":\"Meie toodete kohaletoimetamine on korraldatud nii, et klient saaks tellimuse mugavalt ja kiiresti k\u00e4tte. V\u00e4ikese ja keskmise suurusega detailid saadame pakiautomaatidesse. Tavaliselt kasutame DPD automaate, kuid soovi korral on v\u00f5imalik saata ka SmartPosti v\u00f5i Omniva kaudu.\",\"breadcrumb\":{\"@id\":\"https:\/\/3dfactory.ee\/delivery\/#breadcrumb\"},\"inLanguage\":\"lv-LV\",\"potentialAction\":[{\"@type\":\"ReadAction\",\"target\":[\"https:\/\/3dfactory.ee\/delivery\/\"]}]},{\"@type\":\"ImageObject\",\"inLanguage\":\"lv-LV\",\"@id\":\"https:\/\/3dfactory.ee\/delivery\/#primaryimage\",\"url\":\"https:\/\/3dfactory.ee\/wp-content\/uploads\/2025\/11\/3D-printimise-kohaletoimetamine-1024x683.png\",\"contentUrl\":\"https:\/\/3dfactory.ee\/wp-content\/uploads\/2025\/11\/3D-printimise-kohaletoimetamine-1024x683.png\"},{\"@type\":\"BreadcrumbList\",\"@id\":\"https:\/\/3dfactory.ee\/delivery\/#breadcrumb\",\"itemListElement\":[{\"@type\":\"ListItem\",\"position\":1,\"name\":\"Home\",\"item\":\"https:\/\/3dfactory.ee\/\"},{\"@type\":\"ListItem\",\"position\":2,\"name\":\"Delivery\"}]},{\"@type\":\"WebSite\",\"@id\":\"https:\/\/3dfactory.ee\/#website\",\"url\":\"https:\/\/3dfactory.ee\/\",\"name\":\"3DFactory.ee\",\"description\":\"3D Printing and 3D Modeling\",\"publisher\":{\"@id\":\"https:\/\/3dfactory.ee\/#organization\"},\"potentialAction\":[{\"@type\":\"SearchAction\",\"target\":{\"@type\":\"EntryPoint\",\"urlTemplate\":\"https:\/\/3dfactory.ee\/?s={search_term_string}\"},\"query-input\":{\"@type\":\"PropertyValueSpecification\",\"valueRequired\":true,\"valueName\":\"search_term_string\"}}],\"inLanguage\":\"lv-LV\"},{\"@type\":\"Organization\",\"@id\":\"https:\/\/3dfactory.ee\/#organization\",\"name\":\"3DFactory.ee\",\"url\":\"https:\/\/3dfactory.ee\/\",\"logo\":{\"@type\":\"ImageObject\",\"inLanguage\":\"lv-LV\",\"@id\":\"https:\/\/3dfactory.ee\/#\/schema\/logo\/image\/\",\"url\":\"https:\/\/3dfactory.ee\/wp-content\/uploads\/2024\/12\/3dfacory.png\",\"contentUrl\":\"https:\/\/3dfactory.ee\/wp-content\/uploads\/2024\/12\/3dfacory.png\",\"width\":496,\"height\":150,\"caption\":\"3DFactory.ee\"},\"image\":{\"@id\":\"https:\/\/3dfactory.ee\/#\/schema\/logo\/image\/\"},\"sameAs\":[\"https:\/\/www.facebook.com\/3dfactorybaltic\",\"https:\/\/www.instagram.com\/3dfactorybaltic\"]}]}<\/script>\n<!-- \/ Yoast SEO plugin. -->","yoast_head_json":{"title":"Delivery - 3DFactory.ee","description":"Meie toodete kohaletoimetamine on korraldatud nii, et klient saaks tellimuse mugavalt ja kiiresti k\u00e4tte. V\u00e4ikese ja keskmise suurusega detailid saadame pakiautomaatidesse. Tavaliselt kasutame DPD automaate, kuid soovi korral on v\u00f5imalik saata ka SmartPosti v\u00f5i Omniva kaudu.","robots":{"index":"index","follow":"follow","max-snippet":"max-snippet:-1","max-image-preview":"max-image-preview:large","max-video-preview":"max-video-preview:-1"},"canonical":"https:\/\/3dfactory.ee\/lv\/delivery\/","og_locale":"lv_LV","og_type":"article","og_title":"Delivery - 3DFactory.ee","og_description":"Meie toodete kohaletoimetamine on korraldatud nii, et klient saaks tellimuse mugavalt ja kiiresti k\u00e4tte. V\u00e4ikese ja keskmise suurusega detailid saadame pakiautomaatidesse. Tavaliselt kasutame DPD automaate, kuid soovi korral on v\u00f5imalik saata ka SmartPosti v\u00f5i Omniva kaudu.","og_url":"https:\/\/3dfactory.ee\/lv\/delivery\/","og_site_name":"3DFactory.ee","article_publisher":"https:\/\/www.facebook.com\/3dfactorybaltic","article_modified_time":"2025-12-22T07:05:41+00:00","og_image":[{"width":1024,"height":683,"url":"https:\/\/3dfactory.ee\/wp-content\/uploads\/2025\/11\/3D-printimise-kohaletoimetamine-1024x683.png","type":"image\/png"}],"twitter_card":"summary_large_image","twitter_misc":{"Est. reading time":"1 min\u016bte"},"schema":{"@context":"https:\/\/schema.org","@graph":[{"@type":"WebPage","@id":"https:\/\/3dfactory.ee\/delivery\/","url":"https:\/\/3dfactory.ee\/delivery\/","name":"Delivery - 3DFactory.ee","isPartOf":{"@id":"https:\/\/3dfactory.ee\/#website"},"primaryImageOfPage":{"@id":"https:\/\/3dfactory.ee\/delivery\/#primaryimage"},"image":{"@id":"https:\/\/3dfactory.ee\/delivery\/#primaryimage"},"thumbnailUrl":"https:\/\/3dfactory.ee\/wp-content\/uploads\/2025\/11\/3D-printimise-kohaletoimetamine-1024x683.png","datePublished":"2025-11-27T08:04:48+00:00","dateModified":"2025-12-22T07:05:41+00:00","description":"Meie toodete kohaletoimetamine on korraldatud nii, et klient saaks tellimuse mugavalt ja kiiresti k\u00e4tte. V\u00e4ikese ja keskmise suurusega detailid saadame pakiautomaatidesse. Tavaliselt kasutame DPD automaate, kuid soovi korral on v\u00f5imalik saata ka SmartPosti v\u00f5i Omniva kaudu.","breadcrumb":{"@id":"https:\/\/3dfactory.ee\/delivery\/#breadcrumb"},"inLanguage":"lv-LV","potentialAction":[{"@type":"ReadAction","target":["https:\/\/3dfactory.ee\/delivery\/"]}]},{"@type":"ImageObject","inLanguage":"lv-LV","@id":"https:\/\/3dfactory.ee\/delivery\/#primaryimage","url":"https:\/\/3dfactory.ee\/wp-content\/uploads\/2025\/11\/3D-printimise-kohaletoimetamine-1024x683.png","contentUrl":"https:\/\/3dfactory.ee\/wp-content\/uploads\/2025\/11\/3D-printimise-kohaletoimetamine-1024x683.png"},{"@type":"BreadcrumbList","@id":"https:\/\/3dfactory.ee\/delivery\/#breadcrumb","itemListElement":[{"@type":"ListItem","position":1,"name":"Home","item":"https:\/\/3dfactory.ee\/"},{"@type":"ListItem","position":2,"name":"Delivery"}]},{"@type":"WebSite","@id":"https:\/\/3dfactory.ee\/#website","url":"https:\/\/3dfactory.ee\/","name":"3DFactory.ee","description":"3D Printing and 3D Modeling","publisher":{"@id":"https:\/\/3dfactory.ee\/#organization"},"potentialAction":[{"@type":"SearchAction","target":{"@type":"EntryPoint","urlTemplate":"https:\/\/3dfactory.ee\/?s={search_term_string}"},"query-input":{"@type":"PropertyValueSpecification","valueRequired":true,"valueName":"search_term_string"}}],"inLanguage":"lv-LV"},{"@type":"Organization","@id":"https:\/\/3dfactory.ee\/#organization","name":"3DFactory.ee","url":"https:\/\/3dfactory.ee\/","logo":{"@type":"ImageObject","inLanguage":"lv-LV","@id":"https:\/\/3dfactory.ee\/#\/schema\/logo\/image\/","url":"https:\/\/3dfactory.ee\/wp-content\/uploads\/2024\/12\/3dfacory.png","contentUrl":"https:\/\/3dfactory.ee\/wp-content\/uploads\/2024\/12\/3dfacory.png","width":496,"height":150,"caption":"3DFactory.ee"},"image":{"@id":"https:\/\/3dfactory.ee\/#\/schema\/logo\/image\/"},"sameAs":["https:\/\/www.facebook.com\/3dfactorybaltic","https:\/\/www.instagram.com\/3dfactorybaltic"]}]}},"_links":{"self":[{"href":"https:\/\/3dfactory.ee\/lv\/wp-json\/wp\/v2\/pages\/9495","targetHints":{"allow":["GET"]}}],"collection":[{"href":"https:\/\/3dfactory.ee\/lv\/wp-json\/wp\/v2\/pages"}],"about":[{"href":"https:\/\/3dfactory.ee\/lv\/wp-json\/wp\/v2\/types\/page"}],"author":[{"embeddable":true,"href":"https:\/\/3dfactory.ee\/lv\/wp-json\/wp\/v2\/users\/1"}],"replies":[{"embeddable":true,"href":"https:\/\/3dfactory.ee\/lv\/wp-json\/wp\/v2\/comments?post=9495"}],"version-history":[{"count":3,"href":"https:\/\/3dfactory.ee\/lv\/wp-json\/wp\/v2\/pages\/9495\/revisions"}],"predecessor-version":[{"id":9918,"href":"https:\/\/3dfactory.ee\/lv\/wp-json\/wp\/v2\/pages\/9495\/revisions\/9918"}],"wp:attachment":[{"href":"https:\/\/3dfactory.ee\/lv\/wp-json\/wp\/v2\/media?parent=9495"}],"curies":[{"name":"wp","href":"https:\/\/api.w.org\/{rel}","templated":true}]}}