{"id":96,"date":"2024-12-12T04:14:04","date_gmt":"2024-12-12T04:14:04","guid":{"rendered":"https:\/\/demo.harutheme.com\/artspace\/?page_id=96"},"modified":"2026-03-10T11:51:56","modified_gmt":"2026-03-10T08:51:56","slug":"about-us","status":"publish","type":"page","link":"https:\/\/3dfactory.ee\/lv\/about-us\/","title":{"rendered":"Par mums"},"content":{"rendered":"<div data-elementor-type=\"wp-page\" data-elementor-id=\"96\" class=\"elementor elementor-96\">\n\t\t\t\t<div class=\"elementor-element elementor-element-2c0981e e-flex e-con-boxed e-con e-parent\" data-id=\"2c0981e\" data-element_type=\"container\">\n\t\t\t\t\t<div class=\"e-con-inner\">\n\t\t<div class=\"elementor-element elementor-element-57c3a12 e-con-full e-flex e-con e-child\" data-id=\"57c3a12\" data-element_type=\"container\">\n\t\t\t\t<div class=\"elementor-element elementor-element-445c6c2 elementor-widget elementor-widget-haru-heading\" data-id=\"445c6c2\" data-element_type=\"widget\" data-widget_type=\"haru-heading.default\">\n\t\t\t\t<div class=\"elementor-widget-container\">\n\t\t\t\t\t<h2 class=\"haru-heading-title haru-heading-title--heading-3\">Par mums<\/h2>\t\t\t\t<\/div>\n\t\t\t\t<\/div>\n\t\t\t\t<div class=\"elementor-element elementor-element-0114e58 elementor-widget elementor-widget-haru-heading\" data-id=\"0114e58\" data-element_type=\"widget\" data-widget_type=\"haru-heading.default\">\n\t\t\t\t<div class=\"elementor-widget-container\">\n\t\t\t\t\t<h2 class=\"haru-heading-title haru-heading-title--description-4\">3DFACTORY.EE ir vieta, kur modern\u0101s tehnolo\u0123ijas satiekas ar daudzu gadu pieredzi. M\u0113s pied\u0101v\u0101jam vismodern\u0101kos 3D drukas risin\u0101jumus \u2014 no maz\u0101m deta\u013c\u0101m l\u012bdz lielizm\u0113ra projektiem (l\u012bdz 1 metram), izmantojot inovat\u012bvus un iztur\u012bgus materi\u0101lus, tostarp oglek\u013ca kompoz\u012btus.\n<br><br>\nM\u016bsu st\u0101sts s\u0101k\u0101s jau 2001. gad\u0101 ar dizaina studiju 3DFight.com, kas k\u013cuva par pamatu \u0161odienas 3DFACTORY.EE. Vair\u0101k nek\u0101 divdesmit gadu laik\u0101 esam pal\u012bdz\u0113ju\u0161i simtiem klientu \u012bstenot savas idejas dz\u012bv\u0113 \u2014 s\u0101kot no in\u017eeniertehniskiem prototipiem l\u012bdz unik\u0101liem dizaina projektiem.\n<br><br>\nM\u0113s ticam, ka rado\u0161umam nav robe\u017eu, un m\u016bsu misija ir p\u0101rv\u0113rst j\u016bsu idejas realit\u0101t\u0113. M\u016bsdien\u012bgas tehnolo\u0123ijas, precizit\u0101te un aizraut\u012bba ar inov\u0101cij\u0101m padara m\u016bs par uzticamu partneri jebkur\u0101 projekt\u0101.<br><br>3DFactory & 3DFight. We're better. NEW BALTIC DREAM LTD. Company Number: 11331007, Reg in Tallinn, Estonia (2006)\n\n<\/h2>\t\t\t\t<\/div>\n\t\t\t\t<\/div>\n\t\t\t\t<div class=\"elementor-element elementor-element-b12ada4 haru-align-center elementor-widget elementor-widget-haru-button\" data-id=\"b12ada4\" data-element_type=\"widget\" data-widget_type=\"haru-button.default\">\n\t\t\t\t<div class=\"elementor-widget-container\">\n\t\t\t\t\t\n        \t<div class=\"haru-button-wrap\">\n        \t\t<a class=\"haru-button elementor-button1 haru-button--style-1 haru-button--bg-primary haru-button--size-large haru-button--round-normal elementor-button-link1 haru-button-link\" role=\"button\" href=\"https:\/\/3dfactory.ee\/lv\/portfolio\/\">\n        \t\t\t\t\t\t<span class=\"elementor-button-content-wrapper1 haru-button-content-wrapper\">\n\t\t\t\t\t\t\t\t<span class=\"elementor-button-text1 haru-button-text\">Portfolio<\/span>\n\t\t\t<\/span>\n\t\t\t    \t\t\t<\/a>\n    \t\t<\/div>\n\n    \t\t\t\t\t\t<\/div>\n\t\t\t\t<\/div>\n\t\t\t\t<\/div>\n\t\t\t\t\t<\/div>\n\t\t\t\t<\/div>\n\t\t<div class=\"elementor-element elementor-element-bca21d9 e-flex e-con-boxed e-con e-parent\" data-id=\"bca21d9\" data-element_type=\"container\">\n\t\t\t\t\t<div class=\"e-con-inner\">\n\t\t<div class=\"elementor-element elementor-element-8006c11 e-con-full e-flex e-con e-child\" data-id=\"8006c11\" data-element_type=\"container\">\n\t\t\t\t<div class=\"elementor-element elementor-element-335d946 elementor-widget elementor-widget-haru-logo-showcase\" data-id=\"335d946\" data-element_type=\"widget\" data-widget_type=\"haru-logo-showcase.default\">\n\t\t\t\t<div class=\"elementor-widget-container\">\n\t\t\t\t\t\n                            <div class=\"haru-logo-showcase haru-logo-showcase--slick haru-logo-showcase--opacity\">\n                          <ul class=\"haru-logo-showcase__list haru-slick haru-slick--nav-opacity haru-slick--nav-center\" data-slick='{\"slidesToShow\" : 6, \"slidesToScroll\" : 1, \"arrows\" : true, \"infinite\" : false, \"centerMode\" : false, \"focusOnSelect\" : true, \"vertical\" : false, \"autoplay\": false, \"autoplaySpeed\": 3000, \"responsive\" : [{\"breakpoint\" : 991,\"settings\" : {\"slidesToShow\" : 3, \"slidesToScroll\" : 1}}, {\"breakpoint\" : 767,\"settings\" : {\"slidesToShow\" : 2, \"slidesToScroll\" : 1}}] }'>\n                        <li class=\"haru-logo-showcase__item-wrap\">\n                    <div class=\"haru-logo-showcase__item haru-logo-showcase__hover-opacity\">\n                              <img decoding=\"async\" src=\"https:\/\/3dfactory.ee\/wp-content\/uploads\/2025\/09\/3dfight.png\" class=\"haru-logo-showcase__image\" alt=\"3DFight\">\n                          <\/div>\n                  <\/li>\n                                <li class=\"haru-logo-showcase__item-wrap\">\n                    <div class=\"haru-logo-showcase__item haru-logo-showcase__hover-opacity\">\n                              <img decoding=\"async\" src=\"https:\/\/3dfactory.ee\/wp-content\/uploads\/2024\/12\/3dfacory.png\" class=\"haru-logo-showcase__image\" alt=\"3DFactory\">\n                          <\/div>\n                  <\/li>\n                                <li class=\"haru-logo-showcase__item-wrap\">\n                    <div class=\"haru-logo-showcase__item haru-logo-showcase__hover-opacity\">\n                              <img decoding=\"async\" src=\"https:\/\/3dfactory.ee\/wp-content\/uploads\/2025\/09\/elegoo.png\" class=\"haru-logo-showcase__image\" alt=\"Elegoo\">\n                          <\/div>\n                  <\/li>\n                                <li class=\"haru-logo-showcase__item-wrap\">\n                    <div class=\"haru-logo-showcase__item haru-logo-showcase__hover-opacity\">\n                              <img decoding=\"async\" src=\"https:\/\/3dfactory.ee\/wp-content\/uploads\/2025\/12\/rovopoint-logo.png\" class=\"haru-logo-showcase__image\" alt=\"Revopoint\">\n                          <\/div>\n                  <\/li>\n                  <\/ul>\n  \n  \n                  <\/div>\n            \n            \t\t\t\t<\/div>\n\t\t\t\t<\/div>\n\t\t\t\t<\/div>\n\t\t\t\t\t<\/div>\n\t\t\t\t<\/div>\n\t\t<div class=\"elementor-element elementor-element-3c43de4 e-flex e-con-boxed e-con e-parent\" data-id=\"3c43de4\" data-element_type=\"container\">\n\t\t\t\t\t<div class=\"e-con-inner\">\n\t\t<div class=\"elementor-element elementor-element-a3f5413 e-con-full e-flex e-con e-child\" data-id=\"a3f5413\" data-element_type=\"container\">\n\t\t\t\t<div class=\"elementor-element elementor-element-b42bd11 elementor-widget elementor-widget-haru-banner-creative\" data-id=\"b42bd11\" data-element_type=\"widget\" data-widget_type=\"haru-banner-creative.default\">\n\t\t\t\t<div class=\"elementor-widget-container\">\n\t\t\t\t\t\n        \t\t        \t<div class=\"haru-banner-creative haru-banner-creative--creative haru-banner-creative--\">\n\t        \t\t\n    \t<ul class=\"haru-banner-creative__list\">\n\t\t\t\t\t<li class=\"haru-banner-creative__item haru-banner-creative__hover-scale\">\n\t\t\t\t\t\t\t\t<div class=\"haru-banner-creative__image\">\n\t      \t\t\t<a href=\"https:\/\/3dfactory.ee\/wp-content\/uploads\/2025\/10\/p1.jpg\" class=\"gallery-popup-link\" data-elementor-open-lightbox=\"no\">\n\t      \t\t\t\t<img decoding=\"async\" src=\"https:\/\/3dfactory.ee\/wp-content\/uploads\/2025\/10\/p1.jpg\" alt=\"Column #1\">\n\t      \t\t\t<\/a>\n\t      \t\t<\/div>\n\t      \t\t\t\t\t\t<div class=\"haru-banner-creative__image\">\n\t      \t\t\t<a href=\"https:\/\/3dfactory.ee\/wp-content\/uploads\/2026\/01\/printed-car-parts-dash.jpg\" class=\"gallery-popup-link\" data-elementor-open-lightbox=\"no\">\n\t      \t\t\t\t<img decoding=\"async\" src=\"https:\/\/3dfactory.ee\/wp-content\/uploads\/2026\/01\/printed-car-parts-dash.jpg\" alt=\"Column #1\">\n\t      \t\t\t<\/a>\n\t      \t\t<\/div>\n\t      \t\t\t\t\t<\/li>\n\t\t\t\t\t\t\t\t<li class=\"haru-banner-creative__item haru-banner-creative__hover-scale\">\n\t\t\t\t\t\t\t\t<div class=\"haru-banner-creative__image\">\n\t      \t\t\t<a href=\"https:\/\/3dfactory.ee\/wp-content\/uploads\/2025\/10\/p3.jpg\" class=\"gallery-popup-link\" data-elementor-open-lightbox=\"no\">\n\t      \t\t\t\t<img decoding=\"async\" src=\"https:\/\/3dfactory.ee\/wp-content\/uploads\/2025\/10\/p3.jpg\" alt=\"Column #2\">\n\t      \t\t\t<\/a>\n\t      \t\t<\/div>\n\t      \t\t\t\t\t\t<div class=\"haru-banner-creative__image\">\n\t      \t\t\t<a href=\"https:\/\/3dfactory.ee\/wp-content\/uploads\/2025\/10\/x1.jpg\" class=\"gallery-popup-link\" data-elementor-open-lightbox=\"no\">\n\t      \t\t\t\t<img decoding=\"async\" src=\"https:\/\/3dfactory.ee\/wp-content\/uploads\/2025\/10\/x1.jpg\" alt=\"Column #2\">\n\t      \t\t\t<\/a>\n\t      \t\t<\/div>\n\t      \t\t\t\t\t\t<div class=\"haru-banner-creative__image\">\n\t      \t\t\t<a href=\"https:\/\/3dfactory.ee\/wp-content\/uploads\/2025\/12\/cathedral-3d-print.jpg\" class=\"gallery-popup-link\" data-elementor-open-lightbox=\"no\">\n\t      \t\t\t\t<img decoding=\"async\" src=\"https:\/\/3dfactory.ee\/wp-content\/uploads\/2025\/12\/cathedral-3d-print.jpg\" alt=\"Column #2\">\n\t      \t\t\t<\/a>\n\t      \t\t<\/div>\n\t      \t\t\t\t\t<\/li>\n\t\t\t\t\t\t\t\t<li class=\"haru-banner-creative__item haru-banner-creative__hover-scale\">\n\t\t\t\t\t\t\t\t<div class=\"haru-banner-creative__image\">\n\t      \t\t\t<a href=\"https:\/\/3dfactory.ee\/wp-content\/uploads\/2026\/02\/portfolio-fdm-large-sculpture-3d-print-eestis.jpg\" class=\"gallery-popup-link\" data-elementor-open-lightbox=\"no\">\n\t      \t\t\t\t<img decoding=\"async\" src=\"https:\/\/3dfactory.ee\/wp-content\/uploads\/2026\/02\/portfolio-fdm-large-sculpture-3d-print-eestis.jpg\" alt=\"Column #3\">\n\t      \t\t\t<\/a>\n\t      \t\t<\/div>\n\t      \t\t\t\t\t\t<div class=\"haru-banner-creative__image\">\n\t      \t\t\t<a href=\"https:\/\/3dfactory.ee\/wp-content\/uploads\/2026\/03\/full_size_3d_house.jpg\" class=\"gallery-popup-link\" data-elementor-open-lightbox=\"no\">\n\t      \t\t\t\t<img decoding=\"async\" src=\"https:\/\/3dfactory.ee\/wp-content\/uploads\/2026\/03\/full_size_3d_house.jpg\" alt=\"Column #3\">\n\t      \t\t\t<\/a>\n\t      \t\t<\/div>\n\t      \t\t\t\t\t\t<div class=\"haru-banner-creative__image\">\n\t      \t\t\t<a href=\"https:\/\/3dfactory.ee\/wp-content\/uploads\/2025\/12\/small-details-print.jpg\" class=\"gallery-popup-link\" data-elementor-open-lightbox=\"no\">\n\t      \t\t\t\t<img decoding=\"async\" src=\"https:\/\/3dfactory.ee\/wp-content\/uploads\/2025\/12\/small-details-print.jpg\" alt=\"Column #3\">\n\t      \t\t\t<\/a>\n\t      \t\t<\/div>\n\t      \t\t\t\t\t\t<div class=\"haru-banner-creative__image\">\n\t      \t\t\t<a href=\"https:\/\/3dfactory.ee\/wp-content\/uploads\/2026\/02\/sculpture-3d-print-eestis.jpg\" class=\"gallery-popup-link\" data-elementor-open-lightbox=\"no\">\n\t      \t\t\t\t<img decoding=\"async\" src=\"https:\/\/3dfactory.ee\/wp-content\/uploads\/2026\/02\/sculpture-3d-print-eestis.jpg\" alt=\"Column #3\">\n\t      \t\t\t<\/a>\n\t      \t\t<\/div>\n\t      \t\t\t\t\t<\/li>\n\t\t\t\t\t\t\t\t<li class=\"haru-banner-creative__item haru-banner-creative__hover-scale\">\n\t\t\t\t\t\t\t\t<div class=\"haru-banner-creative__image\">\n\t      \t\t\t<a href=\"https:\/\/3dfactory.ee\/wp-content\/uploads\/2025\/10\/x4.jpg\" class=\"gallery-popup-link\" data-elementor-open-lightbox=\"no\">\n\t      \t\t\t\t<img decoding=\"async\" src=\"https:\/\/3dfactory.ee\/wp-content\/uploads\/2025\/10\/x4.jpg\" alt=\"Column #4\">\n\t      \t\t\t<\/a>\n\t      \t\t<\/div>\n\t      \t\t\t\t\t\t<div class=\"haru-banner-creative__image\">\n\t      \t\t\t<a href=\"https:\/\/3dfactory.ee\/wp-content\/uploads\/2025\/12\/large-object-print.jpg\" class=\"gallery-popup-link\" data-elementor-open-lightbox=\"no\">\n\t      \t\t\t\t<img decoding=\"async\" src=\"https:\/\/3dfactory.ee\/wp-content\/uploads\/2025\/12\/large-object-print.jpg\" alt=\"Column #4\">\n\t      \t\t\t<\/a>\n\t      \t\t<\/div>\n\t      \t\t\t\t\t\t<div class=\"haru-banner-creative__image\">\n\t      \t\t\t<a href=\"https:\/\/3dfactory.ee\/wp-content\/uploads\/2026\/02\/massive-3dprint.jpg\" class=\"gallery-popup-link\" data-elementor-open-lightbox=\"no\">\n\t      \t\t\t\t<img decoding=\"async\" src=\"https:\/\/3dfactory.ee\/wp-content\/uploads\/2026\/02\/massive-3dprint.jpg\" alt=\"Column #4\">\n\t      \t\t\t<\/a>\n\t      \t\t<\/div>\n\t      \t\t\t\t\t<\/li>\n\t\t\t\t\t\t\t\t<li class=\"haru-banner-creative__item haru-banner-creative__hover-scale\">\n\t\t\t\t\t\t\t\t<div class=\"haru-banner-creative__image\">\n\t      \t\t\t<a href=\"https:\/\/3dfactory.ee\/wp-content\/uploads\/2025\/10\/p8-1.jpg\" class=\"gallery-popup-link\" data-elementor-open-lightbox=\"no\">\n\t      \t\t\t\t<img decoding=\"async\" src=\"https:\/\/3dfactory.ee\/wp-content\/uploads\/2025\/10\/p8-1.jpg\" alt=\"Column #5\">\n\t      \t\t\t<\/a>\n\t      \t\t<\/div>\n\t      \t\t\t\t\t\t<div class=\"haru-banner-creative__image\">\n\t      \t\t\t<a href=\"https:\/\/3dfactory.ee\/wp-content\/uploads\/2025\/12\/pla-clothes.jpg\" class=\"gallery-popup-link\" data-elementor-open-lightbox=\"no\">\n\t      \t\t\t\t<img decoding=\"async\" src=\"https:\/\/3dfactory.ee\/wp-content\/uploads\/2025\/12\/pla-clothes.jpg\" alt=\"Column #5\">\n\t      \t\t\t<\/a>\n\t      \t\t<\/div>\n\t      \t\t\t\t\t<\/li>\n\t\t\t\t\t\t<\/ul>\n    \n\t\t    \t\t<\/div>\n    \t\t\n    \t\t\t\t\t\t<\/div>\n\t\t\t\t<\/div>\n\t\t\t\t<\/div>\n\t\t\t\t\t<\/div>\n\t\t\t\t<\/div>\n\t\t\t\t<\/div>","protected":false},"excerpt":{"rendered":"<p>About Us 3DFACTORY.EE is where cutting-edge technology meets decades of expertise. We provide advanced 3D printing solutions \u2014 from small parts to extra-large projects (up to 1 meter) \u2014 using innovative and durable materials, including carbon composites. Our journey began back in 2001 with 3DFight.com, a design studio that laid the foundation for today\u2019s 3DFACTORY.EE. [&hellip;]<\/p>","protected":false},"author":1,"featured_media":0,"parent":0,"menu_order":0,"comment_status":"closed","ping_status":"closed","template":"","meta":{"_sitemap_exclude":false,"_sitemap_priority":"","_sitemap_frequency":"","footnotes":""},"class_list":["post-96","page","type-page","status-publish","hentry"],"yoast_head":"<!-- This site is optimized with the Yoast SEO plugin v27.0 - https:\/\/yoast.com\/product\/yoast-seo-wordpress\/ -->\n<title>About Us - 3DFactory.ee<\/title>\n<meta name=\"description\" content=\"Loome tuleviku t\u00e4na \u2013 3DFACTORY.EE \u00fchendab disaini, tehnoloogia ja t\u00e4psuse, et muuta teie ideed reaalsuseks.\" \/>\n<meta name=\"robots\" content=\"index, follow, max-snippet:-1, max-image-preview:large, max-video-preview:-1\" \/>\n<link rel=\"canonical\" href=\"https:\/\/3dfactory.ee\/lv\/about-us\/\" \/>\n<meta property=\"og:locale\" content=\"lv_LV\" \/>\n<meta property=\"og:type\" content=\"article\" \/>\n<meta property=\"og:title\" content=\"About Us - 3DFactory.ee\" \/>\n<meta property=\"og:description\" content=\"Loome tuleviku t\u00e4na \u2013 3DFACTORY.EE \u00fchendab disaini, tehnoloogia ja t\u00e4psuse, et muuta teie ideed reaalsuseks.\" \/>\n<meta property=\"og:url\" content=\"https:\/\/3dfactory.ee\/lv\/about-us\/\" \/>\n<meta property=\"og:site_name\" content=\"3DFactory.ee\" \/>\n<meta property=\"article:publisher\" content=\"https:\/\/www.facebook.com\/3dfactorybaltic\" \/>\n<meta property=\"article:modified_time\" content=\"2026-03-10T08:51:56+00:00\" \/>\n<meta property=\"og:image\" content=\"https:\/\/3dfactory.ee\/wp-content\/uploads\/2025\/09\/3dfight.png\" \/>\n<meta name=\"twitter:card\" content=\"summary_large_image\" \/>\n<meta name=\"twitter:label1\" content=\"Est. reading time\" \/>\n\t<meta name=\"twitter:data1\" content=\"5 min\u016btes\" \/>\n<script type=\"application\/ld+json\" class=\"yoast-schema-graph\">{\"@context\":\"https:\/\/schema.org\",\"@graph\":[{\"@type\":\"WebPage\",\"@id\":\"https:\/\/3dfactory.ee\/about-us\/\",\"url\":\"https:\/\/3dfactory.ee\/about-us\/\",\"name\":\"About Us - 3DFactory.ee\",\"isPartOf\":{\"@id\":\"https:\/\/3dfactory.ee\/#website\"},\"primaryImageOfPage\":{\"@id\":\"https:\/\/3dfactory.ee\/about-us\/#primaryimage\"},\"image\":{\"@id\":\"https:\/\/3dfactory.ee\/about-us\/#primaryimage\"},\"thumbnailUrl\":\"https:\/\/3dfactory.ee\/wp-content\/uploads\/2025\/09\/3dfight.png\",\"datePublished\":\"2024-12-12T04:14:04+00:00\",\"dateModified\":\"2026-03-10T08:51:56+00:00\",\"description\":\"Loome tuleviku t\u00e4na \u2013 3DFACTORY.EE \u00fchendab disaini, tehnoloogia ja t\u00e4psuse, et muuta teie ideed reaalsuseks.\",\"breadcrumb\":{\"@id\":\"https:\/\/3dfactory.ee\/about-us\/#breadcrumb\"},\"inLanguage\":\"lv-LV\",\"potentialAction\":[{\"@type\":\"ReadAction\",\"target\":[\"https:\/\/3dfactory.ee\/about-us\/\"]}]},{\"@type\":\"ImageObject\",\"inLanguage\":\"lv-LV\",\"@id\":\"https:\/\/3dfactory.ee\/about-us\/#primaryimage\",\"url\":\"https:\/\/3dfactory.ee\/wp-content\/uploads\/2025\/09\/3dfight.png\",\"contentUrl\":\"https:\/\/3dfactory.ee\/wp-content\/uploads\/2025\/09\/3dfight.png\"},{\"@type\":\"BreadcrumbList\",\"@id\":\"https:\/\/3dfactory.ee\/about-us\/#breadcrumb\",\"itemListElement\":[{\"@type\":\"ListItem\",\"position\":1,\"name\":\"Home\",\"item\":\"https:\/\/3dfactory.ee\/\"},{\"@type\":\"ListItem\",\"position\":2,\"name\":\"About Us\"}]},{\"@type\":\"WebSite\",\"@id\":\"https:\/\/3dfactory.ee\/#website\",\"url\":\"https:\/\/3dfactory.ee\/\",\"name\":\"3DFactory.ee\",\"description\":\"3D Printing and 3D Modeling\",\"publisher\":{\"@id\":\"https:\/\/3dfactory.ee\/#organization\"},\"potentialAction\":[{\"@type\":\"SearchAction\",\"target\":{\"@type\":\"EntryPoint\",\"urlTemplate\":\"https:\/\/3dfactory.ee\/?s={search_term_string}\"},\"query-input\":{\"@type\":\"PropertyValueSpecification\",\"valueRequired\":true,\"valueName\":\"search_term_string\"}}],\"inLanguage\":\"lv-LV\"},{\"@type\":\"Organization\",\"@id\":\"https:\/\/3dfactory.ee\/#organization\",\"name\":\"3DFactory.ee\",\"url\":\"https:\/\/3dfactory.ee\/\",\"logo\":{\"@type\":\"ImageObject\",\"inLanguage\":\"lv-LV\",\"@id\":\"https:\/\/3dfactory.ee\/#\/schema\/logo\/image\/\",\"url\":\"https:\/\/3dfactory.ee\/wp-content\/uploads\/2024\/12\/3dfacory.png\",\"contentUrl\":\"https:\/\/3dfactory.ee\/wp-content\/uploads\/2024\/12\/3dfacory.png\",\"width\":496,\"height\":150,\"caption\":\"3DFactory.ee\"},\"image\":{\"@id\":\"https:\/\/3dfactory.ee\/#\/schema\/logo\/image\/\"},\"sameAs\":[\"https:\/\/www.facebook.com\/3dfactorybaltic\",\"https:\/\/www.instagram.com\/3dfactorybaltic\"]}]}<\/script>\n<!-- \/ Yoast SEO plugin. -->","yoast_head_json":{"title":"About Us - 3DFactory.ee","description":"Loome tuleviku t\u00e4na \u2013 3DFACTORY.EE \u00fchendab disaini, tehnoloogia ja t\u00e4psuse, et muuta teie ideed reaalsuseks.","robots":{"index":"index","follow":"follow","max-snippet":"max-snippet:-1","max-image-preview":"max-image-preview:large","max-video-preview":"max-video-preview:-1"},"canonical":"https:\/\/3dfactory.ee\/lv\/about-us\/","og_locale":"lv_LV","og_type":"article","og_title":"About Us - 3DFactory.ee","og_description":"Loome tuleviku t\u00e4na \u2013 3DFACTORY.EE \u00fchendab disaini, tehnoloogia ja t\u00e4psuse, et muuta teie ideed reaalsuseks.","og_url":"https:\/\/3dfactory.ee\/lv\/about-us\/","og_site_name":"3DFactory.ee","article_publisher":"https:\/\/www.facebook.com\/3dfactorybaltic","article_modified_time":"2026-03-10T08:51:56+00:00","og_image":[{"url":"https:\/\/3dfactory.ee\/wp-content\/uploads\/2025\/09\/3dfight.png","type":"","width":"","height":""}],"twitter_card":"summary_large_image","twitter_misc":{"Est. reading time":"5 min\u016btes"},"schema":{"@context":"https:\/\/schema.org","@graph":[{"@type":"WebPage","@id":"https:\/\/3dfactory.ee\/about-us\/","url":"https:\/\/3dfactory.ee\/about-us\/","name":"About Us - 3DFactory.ee","isPartOf":{"@id":"https:\/\/3dfactory.ee\/#website"},"primaryImageOfPage":{"@id":"https:\/\/3dfactory.ee\/about-us\/#primaryimage"},"image":{"@id":"https:\/\/3dfactory.ee\/about-us\/#primaryimage"},"thumbnailUrl":"https:\/\/3dfactory.ee\/wp-content\/uploads\/2025\/09\/3dfight.png","datePublished":"2024-12-12T04:14:04+00:00","dateModified":"2026-03-10T08:51:56+00:00","description":"Loome tuleviku t\u00e4na \u2013 3DFACTORY.EE \u00fchendab disaini, tehnoloogia ja t\u00e4psuse, et muuta teie ideed reaalsuseks.","breadcrumb":{"@id":"https:\/\/3dfactory.ee\/about-us\/#breadcrumb"},"inLanguage":"lv-LV","potentialAction":[{"@type":"ReadAction","target":["https:\/\/3dfactory.ee\/about-us\/"]}]},{"@type":"ImageObject","inLanguage":"lv-LV","@id":"https:\/\/3dfactory.ee\/about-us\/#primaryimage","url":"https:\/\/3dfactory.ee\/wp-content\/uploads\/2025\/09\/3dfight.png","contentUrl":"https:\/\/3dfactory.ee\/wp-content\/uploads\/2025\/09\/3dfight.png"},{"@type":"BreadcrumbList","@id":"https:\/\/3dfactory.ee\/about-us\/#breadcrumb","itemListElement":[{"@type":"ListItem","position":1,"name":"Home","item":"https:\/\/3dfactory.ee\/"},{"@type":"ListItem","position":2,"name":"About Us"}]},{"@type":"WebSite","@id":"https:\/\/3dfactory.ee\/#website","url":"https:\/\/3dfactory.ee\/","name":"3DFactory.ee","description":"3D Printing and 3D Modeling","publisher":{"@id":"https:\/\/3dfactory.ee\/#organization"},"potentialAction":[{"@type":"SearchAction","target":{"@type":"EntryPoint","urlTemplate":"https:\/\/3dfactory.ee\/?s={search_term_string}"},"query-input":{"@type":"PropertyValueSpecification","valueRequired":true,"valueName":"search_term_string"}}],"inLanguage":"lv-LV"},{"@type":"Organization","@id":"https:\/\/3dfactory.ee\/#organization","name":"3DFactory.ee","url":"https:\/\/3dfactory.ee\/","logo":{"@type":"ImageObject","inLanguage":"lv-LV","@id":"https:\/\/3dfactory.ee\/#\/schema\/logo\/image\/","url":"https:\/\/3dfactory.ee\/wp-content\/uploads\/2024\/12\/3dfacory.png","contentUrl":"https:\/\/3dfactory.ee\/wp-content\/uploads\/2024\/12\/3dfacory.png","width":496,"height":150,"caption":"3DFactory.ee"},"image":{"@id":"https:\/\/3dfactory.ee\/#\/schema\/logo\/image\/"},"sameAs":["https:\/\/www.facebook.com\/3dfactorybaltic","https:\/\/www.instagram.com\/3dfactorybaltic"]}]}},"_links":{"self":[{"href":"https:\/\/3dfactory.ee\/lv\/wp-json\/wp\/v2\/pages\/96","targetHints":{"allow":["GET"]}}],"collection":[{"href":"https:\/\/3dfactory.ee\/lv\/wp-json\/wp\/v2\/pages"}],"about":[{"href":"https:\/\/3dfactory.ee\/lv\/wp-json\/wp\/v2\/types\/page"}],"author":[{"embeddable":true,"href":"https:\/\/3dfactory.ee\/lv\/wp-json\/wp\/v2\/users\/1"}],"replies":[{"embeddable":true,"href":"https:\/\/3dfactory.ee\/lv\/wp-json\/wp\/v2\/comments?post=96"}],"version-history":[{"count":50,"href":"https:\/\/3dfactory.ee\/lv\/wp-json\/wp\/v2\/pages\/96\/revisions"}],"predecessor-version":[{"id":10112,"href":"https:\/\/3dfactory.ee\/lv\/wp-json\/wp\/v2\/pages\/96\/revisions\/10112"}],"wp:attachment":[{"href":"https:\/\/3dfactory.ee\/lv\/wp-json\/wp\/v2\/media?parent=96"}],"curies":[{"name":"wp","href":"https:\/\/api.w.org\/{rel}","templated":true}]}}